{"id":1449,"date":"2024-10-23T12:50:55","date_gmt":"2024-10-23T12:50:55","guid":{"rendered":"https:\/\/danzastral.com\/?page_id=1449"},"modified":"2024-10-31T19:59:58","modified_gmt":"2024-10-31T19:59:58","slug":"ciclos-lunares-cacao","status":"publish","type":"page","link":"https:\/\/danzastral.com\/index.php\/ciclos-lunares-cacao\/","title":{"rendered":"Ciclos lunares con cacao"},"content":{"rendered":"\t\t<div data-elementor-type=\"wp-page\" data-elementor-id=\"1449\" class=\"elementor elementor-1449\" data-elementor-post-type=\"page\">\n\t\t\t\t\t\t<section class=\"elementor-section elementor-top-section elementor-element elementor-element-6b64645f elementor-section-height-min-height elementor-section-boxed elementor-section-height-default elementor-section-items-middle\" data-id=\"6b64645f\" data-element_type=\"section\" data-settings=\"{&quot;background_background&quot;:&quot;classic&quot;,&quot;background_motion_fx_motion_fx_scrolling&quot;:&quot;yes&quot;,&quot;background_motion_fx_translateY_effect&quot;:&quot;yes&quot;,&quot;background_motion_fx_translateY_direction&quot;:&quot;negative&quot;,&quot;background_motion_fx_translateY_speed&quot;:{&quot;unit&quot;:&quot;px&quot;,&quot;size&quot;:&quot;2&quot;,&quot;sizes&quot;:[]},&quot;background_motion_fx_translateY_affectedRange&quot;:{&quot;unit&quot;:&quot;%&quot;,&quot;size&quot;:&quot;&quot;,&quot;sizes&quot;:{&quot;start&quot;:0,&quot;end&quot;:100}},&quot;background_motion_fx_devices&quot;:[&quot;desktop&quot;,&quot;tablet&quot;,&quot;mobile&quot;]}\">\n\t\t\t\t\t\t<div class=\"elementor-container elementor-column-gap-no\">\n\t\t\t\t\t<div class=\"elementor-column elementor-col-100 elementor-top-column elementor-element elementor-element-2e1ff224\" data-id=\"2e1ff224\" data-element_type=\"column\">\n\t\t\t<div class=\"elementor-widget-wrap elementor-element-populated\">\n\t\t\t\t\t\t<div class=\"elementor-element elementor-element-17eef517 elementor-widget elementor-widget-spacer\" data-id=\"17eef517\" data-element_type=\"widget\" data-widget_type=\"spacer.default\">\n\t\t\t\t<div class=\"elementor-widget-container\">\n\t\t\t\t\t\t\t<div class=\"elementor-spacer\">\n\t\t\t<div class=\"elementor-spacer-inner\"><\/div>\n\t\t<\/div>\n\t\t\t\t\t\t<\/div>\n\t\t\t\t<\/div>\n\t\t\t\t\t<\/div>\n\t\t<\/div>\n\t\t\t\t\t<\/div>\n\t\t<\/section>\n\t\t\t\t<section class=\"elementor-section elementor-top-section elementor-element elementor-element-06ea1b1 elementor-section-boxed elementor-section-height-default elementor-section-height-default\" data-id=\"06ea1b1\" data-element_type=\"section\">\n\t\t\t\t\t\t<div class=\"elementor-container elementor-column-gap-default\">\n\t\t\t\t\t<div class=\"elementor-column elementor-col-100 elementor-top-column elementor-element elementor-element-2de43a9\" data-id=\"2de43a9\" data-element_type=\"column\">\n\t\t\t<div class=\"elementor-widget-wrap elementor-element-populated\">\n\t\t\t\t\t\t<div class=\"elementor-element elementor-element-c9bf501 elementor-widget elementor-widget-spacer\" data-id=\"c9bf501\" data-element_type=\"widget\" data-widget_type=\"spacer.default\">\n\t\t\t\t<div class=\"elementor-widget-container\">\n\t\t\t\t\t\t\t<div class=\"elementor-spacer\">\n\t\t\t<div class=\"elementor-spacer-inner\"><\/div>\n\t\t<\/div>\n\t\t\t\t\t\t<\/div>\n\t\t\t\t<\/div>\n\t\t\t\t\t<\/div>\n\t\t<\/div>\n\t\t\t\t\t<\/div>\n\t\t<\/section>\n\t\t\t\t<section class=\"elementor-section elementor-top-section elementor-element elementor-element-25be83b7 elementor-section-boxed elementor-section-height-default elementor-section-height-default\" data-id=\"25be83b7\" data-element_type=\"section\">\n\t\t\t\t\t\t<div class=\"elementor-container elementor-column-gap-default\">\n\t\t\t\t\t<div class=\"elementor-column elementor-col-50 elementor-top-column elementor-element elementor-element-637cccd4\" data-id=\"637cccd4\" data-element_type=\"column\">\n\t\t\t<div class=\"elementor-widget-wrap elementor-element-populated\">\n\t\t\t\t\t\t<div class=\"elementor-element elementor-element-68700644 elementor-widget elementor-widget-heading\" data-id=\"68700644\" data-element_type=\"widget\" data-widget_type=\"heading.default\">\n\t\t\t\t<div class=\"elementor-widget-container\">\n\t\t\t\t\t<h2 class=\"elementor-heading-title elementor-size-default\">Tus Ciclos Lunares con Cacao<\/h2>\t\t\t\t<\/div>\n\t\t\t\t<\/div>\n\t\t\t\t<div class=\"elementor-element elementor-element-511f23ce elementor-widget elementor-widget-heading\" data-id=\"511f23ce\" data-element_type=\"widget\" data-widget_type=\"heading.default\">\n\t\t\t\t<div class=\"elementor-widget-container\">\n\t\t\t\t\t<h2 class=\"elementor-heading-title elementor-size-default\">\u00bfCu\u00e1ntas veces has querido escuchar la voz de tu coraz\u00f3n y no de tu mente?<\/h2>\t\t\t\t<\/div>\n\t\t\t\t<\/div>\n\t\t\t\t<div class=\"elementor-element elementor-element-2271d395 elementor-widget elementor-widget-text-editor\" data-id=\"2271d395\" data-element_type=\"widget\" data-widget_type=\"text-editor.default\">\n\t\t\t\t<div class=\"elementor-widget-container\">\n\t\t\t\t\t\t\t\t\t<p class=\"p1\">La medicina del <b>Cacao Ceremonial<\/b> es coraz\u00f3n.<\/p><p class=\"p1\">Un susurro del alma que te gu\u00eda los pasos para que tomes la decisi\u00f3n m\u00e1s acertada, que te\u00a0gu\u00eda al camino m\u00e1s amable y suave para ti.<\/p><p class=\"p1\">Mi relaci\u00f3n con Mam\u00e1 Cacao empez\u00f3 hace 4 a\u00f1os, d\u00f3nde esta sabia medicina despert\u00f3 c\u00e1lidamente mi coraz\u00f3n.<\/p><p class=\"p1\">Es por ello que ofrezco estas sesiones de Tus Ciclos Lunares con Cacao, que consisten en sesiones \u00edntimas y personalizadas donde compartiremos juntos la medicina del cacao en un espacio \u00fanico y acogedor.<\/p><p class=\"p1\">Escuchar\u00e1s tu momento, tu necesidad y miraremos los aspectos c\u00f3smicos de tu Carta Astral, en ellos tu Luna. Juntos nos adentraremos en lo profundo de tu coraz\u00f3n, en un ritual personalizado con el Cacao Ceremonial, la energ\u00eda estelar de tu presente, los sonidos sanadores de los instrumentos medicina, la escritura y la terapia energ\u00e9tica.<\/p>\t\t\t\t\t\t\t\t<\/div>\n\t\t\t\t<\/div>\n\t\t\t\t<div class=\"elementor-element elementor-element-dd9f288 elementor-widget elementor-widget-text-editor\" data-id=\"dd9f288\" data-element_type=\"widget\" data-widget_type=\"text-editor.default\">\n\t\t\t\t<div class=\"elementor-widget-container\">\n\t\t\t\t\t\t\t\t\t<p>M\u00e1s detalles:<\/p>\t\t\t\t\t\t\t\t<\/div>\n\t\t\t\t<\/div>\n\t\t\t\t<div class=\"elementor-element elementor-element-5c98cc25 elementor-widget elementor-widget-text-editor\" data-id=\"5c98cc25\" data-element_type=\"widget\" data-widget_type=\"text-editor.default\">\n\t\t\t\t<div class=\"elementor-widget-container\">\n\t\t\t\t\t\t\t\t\t<p><span style=\"color: #000000; font-family: Menlo; font-size: 13px; text-align: start; background-color: var( --e-global-color-6c9cf26 );\">\u263d\u00a0<\/span>Presencial: en mi bonito estudio en Vic\u00a0 (a 1h de Barcelona), donde cuido cada detalle para que el entorno te acoja. Incluye todo.<\/p><p><span style=\"color: #000000; font-family: Menlo; font-size: 13px; text-align: start; background-color: var( --e-global-color-6c9cf26 );\">\u263d\u00a0<\/span>Online: solo tendr\u00e1s que tener tu cacao y un lugar preparado, tranquilo junto con una buena conexi\u00f3n a internet.<\/p><p><span style=\"color: #000000; font-family: Menlo; font-size: 13px; text-align: start; background-color: var( --e-global-color-6c9cf26 );\">\u263d\u00a0<\/span>Si a\u00fan no tienes Cacao Ceremonial, puedes aprovechar tu c\u00f3digo de descuento de DanzAstral con Ayacacao.<\/p><p><span style=\"color: #000000; font-family: Menlo; font-size: 13px; text-align: start; background-color: var( --e-global-color-6c9cf26 );\">\u263d\u00a0<\/span>Valor: <b>80\u20ac la sesi\u00f3n.<\/b><\/p><p><span style=\"color: #000000; font-family: Menlo; font-size: 13px; text-align: start; background-color: var( --e-global-color-6c9cf26 );\">\u263d\u00a0<\/span>Duraci\u00f3n: 1 hora y media.<\/p><p>\u263d Si deseas compartir esta experiencia, con otra persona allegada a ti, ponte en contacto conmigo para preparar este ritual.<\/p><p>\u263d Si tienes problemas de coraz\u00f3n, enfermedad de Krohn, o tomas antidepresivos o est\u00e1s embarazada, h\u00e1zmelo saber para regular la dosis.<\/p>\t\t\t\t\t\t\t\t<\/div>\n\t\t\t\t<\/div>\n\t\t\t\t<div class=\"elementor-element elementor-element-73780d7c elementor-widget elementor-widget-text-editor\" data-id=\"73780d7c\" data-element_type=\"widget\" data-widget_type=\"text-editor.default\">\n\t\t\t\t<div class=\"elementor-widget-container\">\n\t\t\t\t\t\t\t\t\t<p class=\"p1\">Siempre acompa\u00f1ado del Cacao de las Estrellas de <a href=\"https:\/\/ayacacao.com\/\" target=\"_blank\" rel=\"noopener\">AYACACAO<\/a>.<\/p><p class=\"p1\">Encuentros de magia, son tus Ciclos Lunares con Cacao.<\/p>\t\t\t\t\t\t\t\t<\/div>\n\t\t\t\t<\/div>\n\t\t\t\t<div class=\"elementor-element elementor-element-57fc8629 elementor-align-left elementor-mobile-align-center elementor-widget elementor-widget-button\" data-id=\"57fc8629\" data-element_type=\"widget\" data-widget_type=\"button.default\">\n\t\t\t\t<div class=\"elementor-widget-container\">\n\t\t\t\t\t\t\t\t\t<div class=\"elementor-button-wrapper\">\n\t\t\t\t\t<a class=\"elementor-button elementor-button-link elementor-size-sm\" href=\"https:\/\/danzastral.com\/index.php\/contacto\/\">\n\t\t\t\t\t\t<span class=\"elementor-button-content-wrapper\">\n\t\t\t\t\t\t\t\t\t<span class=\"elementor-button-text\">Pide tu cita<\/span>\n\t\t\t\t\t<\/span>\n\t\t\t\t\t<\/a>\n\t\t\t\t<\/div>\n\t\t\t\t\t\t\t\t<\/div>\n\t\t\t\t<\/div>\n\t\t\t\t\t<\/div>\n\t\t<\/div>\n\t\t\t\t<div class=\"elementor-column elementor-col-50 elementor-top-column elementor-element elementor-element-de924a7\" data-id=\"de924a7\" data-element_type=\"column\">\n\t\t\t<div class=\"elementor-widget-wrap elementor-element-populated\">\n\t\t\t\t\t\t<div class=\"elementor-element elementor-element-b1dddc7 elementor-widget elementor-widget-image\" data-id=\"b1dddc7\" data-element_type=\"widget\" data-widget_type=\"image.default\">\n\t\t\t\t<div class=\"elementor-widget-container\">\n\t\t\t\t\t\t\t\t\t\t\t\t\t\t\t<img fetchpriority=\"high\" decoding=\"async\" width=\"768\" height=\"1024\" src=\"https:\/\/danzastral.com\/wp-content\/uploads\/2024\/10\/FOTOS-ENCUENTRO-GRUPO-ASTROLOGIA-IV-768x1024.jpg\" class=\"attachment-large size-large wp-image-1427\" alt=\"\" srcset=\"https:\/\/danzastral.com\/wp-content\/uploads\/2024\/10\/FOTOS-ENCUENTRO-GRUPO-ASTROLOGIA-IV-768x1024.jpg 768w, https:\/\/danzastral.com\/wp-content\/uploads\/2024\/10\/FOTOS-ENCUENTRO-GRUPO-ASTROLOGIA-IV-225x300.jpg 225w, https:\/\/danzastral.com\/wp-content\/uploads\/2024\/10\/FOTOS-ENCUENTRO-GRUPO-ASTROLOGIA-IV-1152x1536.jpg 1152w, https:\/\/danzastral.com\/wp-content\/uploads\/2024\/10\/FOTOS-ENCUENTRO-GRUPO-ASTROLOGIA-IV.jpg 1536w\" sizes=\"(max-width: 768px) 100vw, 768px\" \/>\t\t\t\t\t\t\t\t\t\t\t\t\t\t\t<\/div>\n\t\t\t\t<\/div>\n\t\t\t\t<div class=\"elementor-element elementor-element-ae50703 elementor-widget elementor-widget-image\" data-id=\"ae50703\" data-element_type=\"widget\" data-widget_type=\"image.default\">\n\t\t\t\t<div class=\"elementor-widget-container\">\n\t\t\t\t\t\t\t\t\t\t\t\t\t\t\t<img decoding=\"async\" width=\"768\" height=\"1024\" src=\"https:\/\/danzastral.com\/wp-content\/uploads\/2024\/10\/IMG_6780-768x1024.jpg\" class=\"attachment-large size-large wp-image-1283\" alt=\"\" srcset=\"https:\/\/danzastral.com\/wp-content\/uploads\/2024\/10\/IMG_6780-768x1024.jpg 768w, https:\/\/danzastral.com\/wp-content\/uploads\/2024\/10\/IMG_6780-225x300.jpg 225w, https:\/\/danzastral.com\/wp-content\/uploads\/2024\/10\/IMG_6780-1152x1536.jpg 1152w, https:\/\/danzastral.com\/wp-content\/uploads\/2024\/10\/IMG_6780-1536x2048.jpg 1536w, https:\/\/danzastral.com\/wp-content\/uploads\/2024\/10\/IMG_6780-scaled.jpg 1920w\" sizes=\"(max-width: 768px) 100vw, 768px\" \/>\t\t\t\t\t\t\t\t\t\t\t\t\t\t\t<\/div>\n\t\t\t\t<\/div>\n\t\t\t\t\t<\/div>\n\t\t<\/div>\n\t\t\t\t\t<\/div>\n\t\t<\/section>\n\t\t\t\t<section class=\"elementor-section elementor-top-section elementor-element elementor-element-fb1a9b9 elementor-section-boxed elementor-section-height-default elementor-section-height-default\" data-id=\"fb1a9b9\" data-element_type=\"section\">\n\t\t\t\t\t\t<div class=\"elementor-container elementor-column-gap-default\">\n\t\t\t\t\t<div class=\"elementor-column elementor-col-100 elementor-top-column elementor-element elementor-element-d59b39c\" data-id=\"d59b39c\" data-element_type=\"column\">\n\t\t\t<div class=\"elementor-widget-wrap elementor-element-populated\">\n\t\t\t\t\t\t<div class=\"elementor-element elementor-element-9c5e7bc elementor-widget elementor-widget-spacer\" data-id=\"9c5e7bc\" data-element_type=\"widget\" data-widget_type=\"spacer.default\">\n\t\t\t\t<div class=\"elementor-widget-container\">\n\t\t\t\t\t\t\t<div class=\"elementor-spacer\">\n\t\t\t<div class=\"elementor-spacer-inner\"><\/div>\n\t\t<\/div>\n\t\t\t\t\t\t<\/div>\n\t\t\t\t<\/div>\n\t\t\t\t\t<\/div>\n\t\t<\/div>\n\t\t\t\t\t<\/div>\n\t\t<\/section>\n\t\t\t\t<\/div>\n\t\t","protected":false},"excerpt":{"rendered":"<p>Tus Ciclos Lunares con Cacao \u00bfCu\u00e1ntas veces has querido escuchar la voz de tu coraz\u00f3n y no de tu mente? La medicina del Cacao Ceremonial es coraz\u00f3n. Un susurro del alma que te gu\u00eda los pasos para que tomes la decisi\u00f3n m\u00e1s acertada, que te\u00a0gu\u00eda al camino m\u00e1s amable y suave para ti. Mi relaci\u00f3n [&hellip;]<\/p>\n","protected":false},"author":1,"featured_media":0,"parent":0,"menu_order":0,"comment_status":"closed","ping_status":"closed","template":"elementor_header_footer","meta":{"footnotes":""},"class_list":["post-1449","page","type-page","status-publish","hentry"],"_links":{"self":[{"href":"https:\/\/danzastral.com\/index.php\/wp-json\/wp\/v2\/pages\/1449","targetHints":{"allow":["GET"]}}],"collection":[{"href":"https:\/\/danzastral.com\/index.php\/wp-json\/wp\/v2\/pages"}],"about":[{"href":"https:\/\/danzastral.com\/index.php\/wp-json\/wp\/v2\/types\/page"}],"author":[{"embeddable":true,"href":"https:\/\/danzastral.com\/index.php\/wp-json\/wp\/v2\/users\/1"}],"replies":[{"embeddable":true,"href":"https:\/\/danzastral.com\/index.php\/wp-json\/wp\/v2\/comments?post=1449"}],"version-history":[{"count":17,"href":"https:\/\/danzastral.com\/index.php\/wp-json\/wp\/v2\/pages\/1449\/revisions"}],"predecessor-version":[{"id":1748,"href":"https:\/\/danzastral.com\/index.php\/wp-json\/wp\/v2\/pages\/1449\/revisions\/1748"}],"wp:attachment":[{"href":"https:\/\/danzastral.com\/index.php\/wp-json\/wp\/v2\/media?parent=1449"}],"curies":[{"name":"wp","href":"https:\/\/api.w.org\/{rel}","templated":true}]}}