{"id":1839,"date":"2025-12-30T18:28:26","date_gmt":"2025-12-30T18:28:26","guid":{"rendered":"https:\/\/danzastral.com\/?page_id=1839"},"modified":"2026-02-17T07:46:29","modified_gmt":"2026-02-17T07:46:29","slug":"tu-diario-tus-ciclos-lunares-2026","status":"publish","type":"page","link":"https:\/\/danzastral.com\/index.php\/tu-diario-tus-ciclos-lunares-2026\/","title":{"rendered":"Tu Diario Tus Ciclos Lunares 2026"},"content":{"rendered":"\t\t<div data-elementor-type=\"wp-page\" data-elementor-id=\"1839\" class=\"elementor elementor-1839\" data-elementor-post-type=\"page\">\n\t\t\t\t\t\t<section class=\"elementor-section elementor-top-section elementor-element elementor-element-200ba414 elementor-section-height-min-height elementor-section-full_width elementor-section-height-default elementor-section-items-middle\" data-id=\"200ba414\" data-element_type=\"section\" data-settings=\"{&quot;background_background&quot;:&quot;classic&quot;,&quot;background_motion_fx_motion_fx_scrolling&quot;:&quot;yes&quot;,&quot;background_motion_fx_translateY_effect&quot;:&quot;yes&quot;,&quot;background_motion_fx_translateY_direction&quot;:&quot;negative&quot;,&quot;background_motion_fx_translateY_speed&quot;:{&quot;unit&quot;:&quot;px&quot;,&quot;size&quot;:&quot;2&quot;,&quot;sizes&quot;:[]},&quot;background_motion_fx_translateY_affectedRange&quot;:{&quot;unit&quot;:&quot;%&quot;,&quot;size&quot;:&quot;&quot;,&quot;sizes&quot;:{&quot;start&quot;:0,&quot;end&quot;:100}},&quot;background_motion_fx_devices&quot;:[&quot;desktop&quot;,&quot;tablet&quot;,&quot;mobile&quot;]}\">\n\t\t\t\t\t\t<div class=\"elementor-container elementor-column-gap-no\">\n\t\t\t\t\t<div class=\"elementor-column elementor-col-100 elementor-top-column elementor-element elementor-element-137e3125\" data-id=\"137e3125\" data-element_type=\"column\">\n\t\t\t<div class=\"elementor-widget-wrap elementor-element-populated\">\n\t\t\t\t\t\t<div class=\"elementor-element elementor-element-60fea826 elementor-widget elementor-widget-spacer\" data-id=\"60fea826\" data-element_type=\"widget\" data-widget_type=\"spacer.default\">\n\t\t\t\t<div class=\"elementor-widget-container\">\n\t\t\t\t\t\t\t<div class=\"elementor-spacer\">\n\t\t\t<div class=\"elementor-spacer-inner\"><\/div>\n\t\t<\/div>\n\t\t\t\t\t\t<\/div>\n\t\t\t\t<\/div>\n\t\t\t\t\t<\/div>\n\t\t<\/div>\n\t\t\t\t\t<\/div>\n\t\t<\/section>\n\t\t\t\t<section class=\"elementor-section elementor-top-section elementor-element elementor-element-e02bd11 elementor-section-boxed elementor-section-height-default elementor-section-height-default\" data-id=\"e02bd11\" data-element_type=\"section\">\n\t\t\t\t\t\t<div class=\"elementor-container elementor-column-gap-default\">\n\t\t\t\t\t<div class=\"elementor-column elementor-col-100 elementor-top-column elementor-element elementor-element-ae55d6f\" data-id=\"ae55d6f\" data-element_type=\"column\">\n\t\t\t<div class=\"elementor-widget-wrap elementor-element-populated\">\n\t\t\t\t\t\t<div class=\"elementor-element elementor-element-3057d4f elementor-widget elementor-widget-spacer\" data-id=\"3057d4f\" data-element_type=\"widget\" data-widget_type=\"spacer.default\">\n\t\t\t\t<div class=\"elementor-widget-container\">\n\t\t\t\t\t\t\t<div class=\"elementor-spacer\">\n\t\t\t<div class=\"elementor-spacer-inner\"><\/div>\n\t\t<\/div>\n\t\t\t\t\t\t<\/div>\n\t\t\t\t<\/div>\n\t\t\t\t\t<\/div>\n\t\t<\/div>\n\t\t\t\t\t<\/div>\n\t\t<\/section>\n\t\t\t\t<section class=\"elementor-section elementor-top-section elementor-element elementor-element-c4687e5 elementor-section-boxed elementor-section-height-default elementor-section-height-default\" data-id=\"c4687e5\" data-element_type=\"section\">\n\t\t\t\t\t\t<div class=\"elementor-container elementor-column-gap-default\">\n\t\t\t\t\t<div class=\"elementor-column elementor-col-100 elementor-top-column elementor-element elementor-element-67f620a\" data-id=\"67f620a\" data-element_type=\"column\">\n\t\t\t<div class=\"elementor-widget-wrap elementor-element-populated\">\n\t\t\t\t\t\t<div class=\"elementor-element elementor-element-f3f3b6d elementor-widget__width-initial elementor-widget elementor-widget-heading\" data-id=\"f3f3b6d\" data-element_type=\"widget\" data-widget_type=\"heading.default\">\n\t\t\t\t<div class=\"elementor-widget-container\">\n\t\t\t\t\t<h2 class=\"elementor-heading-title elementor-size-default\">Tu Diario <br>Tus Ciclos Lunares 2026<\/h2>\t\t\t\t<\/div>\n\t\t\t\t<\/div>\n\t\t\t\t\t<\/div>\n\t\t<\/div>\n\t\t\t\t\t<\/div>\n\t\t<\/section>\n\t\t\t\t<section class=\"elementor-section elementor-top-section elementor-element elementor-element-e123cb2 elementor-section-boxed elementor-section-height-default elementor-section-height-default\" data-id=\"e123cb2\" data-element_type=\"section\">\n\t\t\t\t\t\t<div class=\"elementor-container elementor-column-gap-default\">\n\t\t\t\t\t<div class=\"elementor-column elementor-col-100 elementor-top-column elementor-element elementor-element-4a28554\" data-id=\"4a28554\" data-element_type=\"column\">\n\t\t\t<div class=\"elementor-widget-wrap elementor-element-populated\">\n\t\t\t\t\t\t<div class=\"elementor-element elementor-element-746f75c elementor-widget elementor-widget-spacer\" data-id=\"746f75c\" data-element_type=\"widget\" data-widget_type=\"spacer.default\">\n\t\t\t\t<div class=\"elementor-widget-container\">\n\t\t\t\t\t\t\t<div class=\"elementor-spacer\">\n\t\t\t<div class=\"elementor-spacer-inner\"><\/div>\n\t\t<\/div>\n\t\t\t\t\t\t<\/div>\n\t\t\t\t<\/div>\n\t\t\t\t\t<\/div>\n\t\t<\/div>\n\t\t\t\t\t<\/div>\n\t\t<\/section>\n\t\t\t\t<section class=\"elementor-section elementor-top-section elementor-element elementor-element-e534de4 elementor-section-boxed elementor-section-height-default elementor-section-height-default\" data-id=\"e534de4\" data-element_type=\"section\">\n\t\t\t\t\t\t<div class=\"elementor-container elementor-column-gap-wide\">\n\t\t\t\t\t<div class=\"elementor-column elementor-col-50 elementor-top-column elementor-element elementor-element-48cb089\" data-id=\"48cb089\" data-element_type=\"column\">\n\t\t\t<div class=\"elementor-widget-wrap elementor-element-populated\">\n\t\t\t\t\t\t<div class=\"elementor-element elementor-element-b5d026c elementor-widget elementor-widget-image\" data-id=\"b5d026c\" data-element_type=\"widget\" data-widget_type=\"image.default\">\n\t\t\t\t<div class=\"elementor-widget-container\">\n\t\t\t\t\t\t\t\t\t\t\t\t\t\t\t<img fetchpriority=\"high\" decoding=\"async\" width=\"768\" height=\"1024\" src=\"https:\/\/danzastral.com\/wp-content\/uploads\/2025\/12\/IMG_3183-768x1024.jpg\" class=\"attachment-large size-large wp-image-1850\" alt=\"\" srcset=\"https:\/\/danzastral.com\/wp-content\/uploads\/2025\/12\/IMG_3183-768x1024.jpg 768w, https:\/\/danzastral.com\/wp-content\/uploads\/2025\/12\/IMG_3183-225x300.jpg 225w, https:\/\/danzastral.com\/wp-content\/uploads\/2025\/12\/IMG_3183-1152x1536.jpg 1152w, https:\/\/danzastral.com\/wp-content\/uploads\/2025\/12\/IMG_3183-1536x2048.jpg 1536w, https:\/\/danzastral.com\/wp-content\/uploads\/2025\/12\/IMG_3183-scaled.jpg 1920w\" sizes=\"(max-width: 768px) 100vw, 768px\" \/>\t\t\t\t\t\t\t\t\t\t\t\t\t\t\t<\/div>\n\t\t\t\t<\/div>\n\t\t\t\t\t<\/div>\n\t\t<\/div>\n\t\t\t\t<div class=\"elementor-column elementor-col-50 elementor-top-column elementor-element elementor-element-1fbc33a\" data-id=\"1fbc33a\" data-element_type=\"column\">\n\t\t\t<div class=\"elementor-widget-wrap elementor-element-populated\">\n\t\t\t\t\t\t<div class=\"elementor-element elementor-element-0c2d5d9 elementor-widget elementor-widget-image\" data-id=\"0c2d5d9\" data-element_type=\"widget\" data-widget_type=\"image.default\">\n\t\t\t\t<div class=\"elementor-widget-container\">\n\t\t\t\t\t\t\t\t\t\t\t\t\t\t\t<img decoding=\"async\" width=\"768\" height=\"1024\" src=\"https:\/\/danzastral.com\/wp-content\/uploads\/2025\/12\/6eccedd7-e8d3-4bc2-90c8-c78eaee5f360-768x1024.jpg\" class=\"attachment-large size-large wp-image-1844\" alt=\"\" srcset=\"https:\/\/danzastral.com\/wp-content\/uploads\/2025\/12\/6eccedd7-e8d3-4bc2-90c8-c78eaee5f360-768x1024.jpg 768w, https:\/\/danzastral.com\/wp-content\/uploads\/2025\/12\/6eccedd7-e8d3-4bc2-90c8-c78eaee5f360-225x300.jpg 225w, https:\/\/danzastral.com\/wp-content\/uploads\/2025\/12\/6eccedd7-e8d3-4bc2-90c8-c78eaee5f360-1152x1536.jpg 1152w, https:\/\/danzastral.com\/wp-content\/uploads\/2025\/12\/6eccedd7-e8d3-4bc2-90c8-c78eaee5f360-1536x2048.jpg 1536w, https:\/\/danzastral.com\/wp-content\/uploads\/2025\/12\/6eccedd7-e8d3-4bc2-90c8-c78eaee5f360-scaled.jpg 1920w\" sizes=\"(max-width: 768px) 100vw, 768px\" \/>\t\t\t\t\t\t\t\t\t\t\t\t\t\t\t<\/div>\n\t\t\t\t<\/div>\n\t\t\t\t\t<\/div>\n\t\t<\/div>\n\t\t\t\t\t<\/div>\n\t\t<\/section>\n\t\t\t\t<section class=\"elementor-section elementor-top-section elementor-element elementor-element-97af243 elementor-section-boxed elementor-section-height-default elementor-section-height-default\" data-id=\"97af243\" data-element_type=\"section\">\n\t\t\t\t\t\t<div class=\"elementor-container elementor-column-gap-default\">\n\t\t\t\t\t<div class=\"elementor-column elementor-col-100 elementor-top-column elementor-element elementor-element-f47c9fc\" data-id=\"f47c9fc\" data-element_type=\"column\">\n\t\t\t<div class=\"elementor-widget-wrap elementor-element-populated\">\n\t\t\t\t\t\t<div class=\"elementor-element elementor-element-1e77787 elementor-widget elementor-widget-spacer\" data-id=\"1e77787\" data-element_type=\"widget\" data-widget_type=\"spacer.default\">\n\t\t\t\t<div class=\"elementor-widget-container\">\n\t\t\t\t\t\t\t<div class=\"elementor-spacer\">\n\t\t\t<div class=\"elementor-spacer-inner\"><\/div>\n\t\t<\/div>\n\t\t\t\t\t\t<\/div>\n\t\t\t\t<\/div>\n\t\t\t\t\t<\/div>\n\t\t<\/div>\n\t\t\t\t\t<\/div>\n\t\t<\/section>\n\t\t\t\t<section class=\"elementor-section elementor-top-section elementor-element elementor-element-d11466f elementor-section-boxed elementor-section-height-default elementor-section-height-default\" data-id=\"d11466f\" data-element_type=\"section\">\n\t\t\t\t\t\t<div class=\"elementor-container elementor-column-gap-default\">\n\t\t\t\t\t<div class=\"elementor-column elementor-col-100 elementor-top-column elementor-element elementor-element-7276ce8\" data-id=\"7276ce8\" data-element_type=\"column\">\n\t\t\t<div class=\"elementor-widget-wrap elementor-element-populated\">\n\t\t\t\t\t\t<div class=\"elementor-element elementor-element-b9f3b0c elementor-widget elementor-widget-heading\" data-id=\"b9f3b0c\" data-element_type=\"widget\" data-widget_type=\"heading.default\">\n\t\t\t\t<div class=\"elementor-widget-container\">\n\t\t\t\t\t<h2 class=\"elementor-heading-title elementor-size-default\">\u00bfQuieres dejarte mecer por la Abuela Luna?<\/h2>\t\t\t\t<\/div>\n\t\t\t\t<\/div>\n\t\t\t\t\t<\/div>\n\t\t<\/div>\n\t\t\t\t\t<\/div>\n\t\t<\/section>\n\t\t\t\t<section class=\"elementor-section elementor-top-section elementor-element elementor-element-fde7787 elementor-section-boxed elementor-section-height-default elementor-section-height-default\" data-id=\"fde7787\" data-element_type=\"section\">\n\t\t\t\t\t\t<div class=\"elementor-container elementor-column-gap-default\">\n\t\t\t\t\t<div class=\"elementor-column elementor-col-100 elementor-top-column elementor-element elementor-element-688c3ff\" data-id=\"688c3ff\" data-element_type=\"column\">\n\t\t\t<div class=\"elementor-widget-wrap elementor-element-populated\">\n\t\t\t\t\t\t<div class=\"elementor-element elementor-element-cde8973 elementor-widget elementor-widget-spacer\" data-id=\"cde8973\" data-element_type=\"widget\" data-widget_type=\"spacer.default\">\n\t\t\t\t<div class=\"elementor-widget-container\">\n\t\t\t\t\t\t\t<div class=\"elementor-spacer\">\n\t\t\t<div class=\"elementor-spacer-inner\"><\/div>\n\t\t<\/div>\n\t\t\t\t\t\t<\/div>\n\t\t\t\t<\/div>\n\t\t\t\t\t<\/div>\n\t\t<\/div>\n\t\t\t\t\t<\/div>\n\t\t<\/section>\n\t\t\t\t<section class=\"elementor-section elementor-top-section elementor-element elementor-element-25be83b7 elementor-section-boxed elementor-section-height-default elementor-section-height-default\" data-id=\"25be83b7\" data-element_type=\"section\">\n\t\t\t\t\t\t<div class=\"elementor-container elementor-column-gap-default\">\n\t\t\t\t\t<div class=\"elementor-column elementor-col-100 elementor-top-column elementor-element elementor-element-637cccd4\" data-id=\"637cccd4\" data-element_type=\"column\">\n\t\t\t<div class=\"elementor-widget-wrap elementor-element-populated\">\n\t\t\t\t\t\t<div class=\"elementor-element elementor-element-2271d395 elementor-widget elementor-widget-text-editor\" data-id=\"2271d395\" data-element_type=\"widget\" data-widget_type=\"text-editor.default\">\n\t\t\t\t<div class=\"elementor-widget-container\">\n\t\t\t\t\t\t\t\t\t<p class=\"p1\">Hubo un tiempo en que las mujeres no deb\u00edan explicarse.<\/p><p data-start=\"529\" data-end=\"627\">Se escuchaban.<br data-start=\"606\" data-end=\"609\" \/>Y miraban la Luna.<\/p><p data-start=\"629\" data-end=\"680\">La Abuela era la Sabia, la Memoria de la familia.<br data-start=\"648\" data-end=\"651\" \/>En la Antig\u00fcedad, las Ancianas eran portadoras de su medicina.<\/p><p data-start=\"682\" data-end=\"819\">Con los a\u00f1os, en muchos linajes fue cada vez m\u00e1s silenciada por no adaptarse al ritmo impuesto.<\/p><p data-start=\"821\" data-end=\"927\">En nuestra memoria colectiva, qued\u00f3 grabada su memoria.<br data-start=\"864\" data-end=\"867\" \/>Y esa memoria sigui\u00f3 viajando<br data-start=\"896\" data-end=\"899\" \/>de generaci\u00f3n en generaci\u00f3n.<\/p>\t\t\t\t\t\t\t\t<\/div>\n\t\t\t\t<\/div>\n\t\t\t\t<div class=\"elementor-element elementor-element-dd9f288 elementor-widget elementor-widget-text-editor\" data-id=\"dd9f288\" data-element_type=\"widget\" data-widget_type=\"text-editor.default\">\n\t\t\t\t<div class=\"elementor-widget-container\">\n\t\t\t\t\t\t\t\t\t<p>La Abuela Luna y su Medicina<\/p>\t\t\t\t\t\t\t\t<\/div>\n\t\t\t\t<\/div>\n\t\t\t\t<div class=\"elementor-element elementor-element-5c98cc25 elementor-widget__width-initial elementor-widget elementor-widget-text-editor\" data-id=\"5c98cc25\" data-element_type=\"widget\" data-widget_type=\"text-editor.default\">\n\t\t\t\t<div class=\"elementor-widget-container\">\n\t\t\t\t\t\t\t\t\t<p><span style=\"color: #000000; font-family: Menlo; font-size: 13px; text-align: start; background-color: var( --e-global-color-6c9cf26 );\">\u263d\u00a0<\/span>Yo sent\u00ed mi propio olvido. El de mi madre, mi abuela y mis ancestras.<\/p><p data-start=\"985\" data-end=\"1088\"><em>\u00bfC\u00f3mo?<\/em><\/p><p data-start=\"985\" data-end=\"1088\">En la tensi\u00f3n.\u00a0<br data-start=\"1022\" data-end=\"1025\" \/>En el abandono del placer.<br data-start=\"1051\" data-end=\"1054\" \/>En el olvido de la lentitud.<\/p><p data-start=\"985\" data-end=\"1088\">Del cuidar gozoso&#8230;<\/p><p data-start=\"1090\" data-end=\"1192\">Abuela Luna, me dio se\u00f1ales cuando ya no era posible seguir adelante sin volverme a habitar el cuerpo. En el presente.<\/p><p data-start=\"1090\" data-end=\"1192\">La Memoria viva en mi.<\/p><p><span style=\"color: #000000; font-family: Menlo; font-size: 13px; text-align: start; background-color: var( --e-global-color-6c9cf26 );\">\u263d\u00a0<\/span>Un regreso a la sensualidad sin culpa.<\/p><p data-start=\"1351\" data-end=\"1445\">A mi propio ritmo.<br data-start=\"1408\" data-end=\"1411\" \/>A la honra del Ritual Sagrado a trav\u00e9s de nuestros Ciclos.<\/p><p data-start=\"1351\" data-end=\"1445\">Y de aqu\u00ed naci\u00f3:<\/p><p data-start=\"1447\" data-end=\"1558\"><b>Tu Diario Tus Ciclos Lunares.<br data-start=\"1477\" data-end=\"1480\" \/><\/b><\/p><p data-start=\"1447\" data-end=\"1558\">Trazar tu sentir en \u00e9l, es una experiencia sanadora. Se despierta la memoria de tu linaje. De tus ancestras.\u00a0<\/p><p data-start=\"1447\" data-end=\"1558\">De la sabidur\u00eda que alberga tu cuerpo.<br data-start=\"1504\" data-end=\"1507\" \/>Encontrar\u00e1s artesan\u00eda, cuidado y sensualidad. En el tacto en la portada de algod\u00f3n, en la sensaci\u00f3n en cada paso de hoja rugosa, en las flores prensadas de nuestra huerta ecol\u00f3gica. Todo ello te \u00a0invita a la presencia e intimidad en lo que quieres plasmar en \u00e9l. Sea escritura, pintura, dibujos, acuarelas, recuerdos y sensaciones&#8230;.<\/p><p data-start=\"1560\" data-end=\"1621\">Es la Abuela Luna en Ti,<br data-start=\"1577\" data-end=\"1580\" \/>record\u00e1ndonos que somos la Memoria de la Sabidur\u00eda de los Ciclos.<\/p><p><span style=\"color: #000000; font-family: Menlo; font-size: 13px; text-align: start; background-color: var( --e-global-color-6c9cf26 );\">\u263d <\/span>Este Diario te acompa\u00f1a todas las Lunas importantes del a\u00f1o e incluye las <strong data-start=\"1841\" data-end=\"1872\">preguntas de la Abuela Luna<\/strong> para cada ciclo. Solsticios, Equinoccios y Eclipses, canalizadas por mi.<\/p><p data-start=\"1891\" data-end=\"1952\">No busca respuestas r\u00e1pidas.<br data-start=\"1919\" data-end=\"1922\" \/>Invita a una escucha profunda de tu Ser Esencial.<\/p><p data-start=\"1891\" data-end=\"1952\">Para personas que aprecian la artesan\u00eda, el mimo en los detalles y los rituales en sus vidas.<\/p><p data-start=\"1954\" data-end=\"2017\">Cada Lunaci\u00f3n es una puerta a tu intimidad.<\/p><p data-start=\"1954\" data-end=\"2017\">Por todas Ellas.<br data-start=\"2041\" data-end=\"2044\" \/>Por ti y para ti.<\/p><p data-start=\"2019\" data-end=\"2052\">La Memoria de tus Ancestras en Ti.<\/p><p><b>Es una invitaci\u00f3n suave a conectar con tu sensibilidad.<\/b><\/p><p data-start=\"2085\" data-end=\"2157\">Si llegaste hasta aqu\u00ed,<br data-start=\"2108\" data-end=\"2111\" \/>quiz\u00e1 la Abuela Luna tambi\u00e9n te est\u00e9 llamando.<\/p><p data-start=\"2159\" data-end=\"2278\">Este Diario es para honrar tu sentir.<br data-start=\"2220\" data-end=\"2223\" \/>Para volver al cuerpo y recordar as\u00ed tu propio ritmo, tu propia DanzAstral\u00a9.<\/p>\t\t\t\t\t\t\t\t<\/div>\n\t\t\t\t<\/div>\n\t\t\t\t\t<\/div>\n\t\t<\/div>\n\t\t\t\t\t<\/div>\n\t\t<\/section>\n\t\t\t\t<section class=\"elementor-section elementor-top-section elementor-element elementor-element-723cb5e elementor-section-boxed elementor-section-height-default elementor-section-height-default\" data-id=\"723cb5e\" data-element_type=\"section\">\n\t\t\t\t\t\t<div class=\"elementor-container elementor-column-gap-default\">\n\t\t\t\t\t<div class=\"elementor-column elementor-col-100 elementor-top-column elementor-element elementor-element-ca14cc8\" data-id=\"ca14cc8\" data-element_type=\"column\">\n\t\t\t<div class=\"elementor-widget-wrap\">\n\t\t\t\t\t\t\t<\/div>\n\t\t<\/div>\n\t\t\t\t\t<\/div>\n\t\t<\/section>\n\t\t\t\t<section class=\"elementor-section elementor-top-section elementor-element elementor-element-454915d elementor-section-boxed elementor-section-height-default elementor-section-height-default\" data-id=\"454915d\" data-element_type=\"section\">\n\t\t\t\t\t\t<div class=\"elementor-container elementor-column-gap-default\">\n\t\t\t\t\t<div class=\"elementor-column elementor-col-100 elementor-top-column elementor-element elementor-element-b31e0c6\" data-id=\"b31e0c6\" data-element_type=\"column\">\n\t\t\t<div class=\"elementor-widget-wrap elementor-element-populated\">\n\t\t\t\t\t\t<div class=\"elementor-element elementor-element-73780d7c elementor-widget elementor-widget-text-editor\" data-id=\"73780d7c\" data-element_type=\"widget\" data-widget_type=\"text-editor.default\">\n\t\t\t\t<div class=\"elementor-widget-container\">\n\t\t\t\t\t\t\t\t\t<p class=\"p1\">El Diario <em data-start=\"1642\" data-end=\"1667\">Tus Ciclos Lunares 2026\u00a0<\/em>es una artesan\u00eda Lunar.<\/p><p class=\"p1\">Creado con tiempo,<\/p><p class=\"p1\">Con cuidado,<\/p><p>Y sensibilidad.<\/p>\t\t\t\t\t\t\t\t<\/div>\n\t\t\t\t<\/div>\n\t\t\t\t<div class=\"elementor-element elementor-element-57fc8629 elementor-align-left elementor-mobile-align-center elementor-widget elementor-widget-button\" data-id=\"57fc8629\" data-element_type=\"widget\" data-widget_type=\"button.default\">\n\t\t\t\t<div class=\"elementor-widget-container\">\n\t\t\t\t\t\t\t\t\t<div class=\"elementor-button-wrapper\">\n\t\t\t\t\t<a class=\"elementor-button elementor-button-link elementor-size-sm\" href=\"https:\/\/wa.me\/34649385526\">\n\t\t\t\t\t\t<span class=\"elementor-button-content-wrapper\">\n\t\t\t\t\t\t\t\t\t<span class=\"elementor-button-text\">Reserva el tuyo<\/span>\n\t\t\t\t\t<\/span>\n\t\t\t\t\t<\/a>\n\t\t\t\t<\/div>\n\t\t\t\t\t\t\t\t<\/div>\n\t\t\t\t<\/div>\n\t\t\t\t<div class=\"elementor-element elementor-element-56dbb30 elementor-widget elementor-widget-text-editor\" data-id=\"56dbb30\" data-element_type=\"widget\" data-widget_type=\"text-editor.default\">\n\t\t\t\t<div class=\"elementor-widget-container\">\n\t\t\t\t\t\t\t\t\t<p>Valor actual: 85\u20ac<\/p><p>Transporte por Nacex 6,96\u20ac\u00a0<\/p>\t\t\t\t\t\t\t\t<\/div>\n\t\t\t\t<\/div>\n\t\t\t\t\t<\/div>\n\t\t<\/div>\n\t\t\t\t\t<\/div>\n\t\t<\/section>\n\t\t\t\t<section class=\"elementor-section elementor-top-section elementor-element elementor-element-fb1a9b9 elementor-section-boxed elementor-section-height-default elementor-section-height-default\" data-id=\"fb1a9b9\" data-element_type=\"section\">\n\t\t\t\t\t\t<div class=\"elementor-container elementor-column-gap-default\">\n\t\t\t\t\t<div class=\"elementor-column elementor-col-100 elementor-top-column elementor-element elementor-element-d59b39c\" data-id=\"d59b39c\" data-element_type=\"column\">\n\t\t\t<div class=\"elementor-widget-wrap elementor-element-populated\">\n\t\t\t\t\t\t<div class=\"elementor-element elementor-element-9c5e7bc elementor-widget elementor-widget-spacer\" data-id=\"9c5e7bc\" data-element_type=\"widget\" data-widget_type=\"spacer.default\">\n\t\t\t\t<div class=\"elementor-widget-container\">\n\t\t\t\t\t\t\t<div class=\"elementor-spacer\">\n\t\t\t<div class=\"elementor-spacer-inner\"><\/div>\n\t\t<\/div>\n\t\t\t\t\t\t<\/div>\n\t\t\t\t<\/div>\n\t\t\t\t<div class=\"elementor-element elementor-element-1675cca elementor-widget-tablet__width-initial elementor-widget elementor-widget-video\" data-id=\"1675cca\" data-element_type=\"widget\" data-settings=\"{&quot;video_type&quot;:&quot;hosted&quot;,&quot;controls&quot;:&quot;yes&quot;}\" data-widget_type=\"video.default\">\n\t\t\t\t<div class=\"elementor-widget-container\">\n\t\t\t\t\t\t\t<div class=\"e-hosted-video elementor-wrapper elementor-open-inline\">\n\t\t\t\t\t<video class=\"elementor-video\" src=\"https:\/\/danzastral.com\/wp-content\/uploads\/2025\/12\/36C0FD28-0322-4DFF-9527-95C117ABD038.mov\" controls=\"\" preload=\"metadata\" controlsList=\"nodownload\"><\/video>\n\t\t\t\t<\/div>\n\t\t\t\t\t\t<\/div>\n\t\t\t\t<\/div>\n\t\t\t\t\t<\/div>\n\t\t<\/div>\n\t\t\t\t\t<\/div>\n\t\t<\/section>\n\t\t\t\t<section class=\"elementor-section elementor-top-section elementor-element elementor-element-52ca254 elementor-section-boxed elementor-section-height-default elementor-section-height-default\" data-id=\"52ca254\" data-element_type=\"section\">\n\t\t\t\t\t\t<div class=\"elementor-container elementor-column-gap-default\">\n\t\t\t\t\t<div class=\"elementor-column elementor-col-100 elementor-top-column elementor-element elementor-element-bc53f5b\" data-id=\"bc53f5b\" data-element_type=\"column\">\n\t\t\t<div class=\"elementor-widget-wrap elementor-element-populated\">\n\t\t\t\t\t\t\t<\/div>\n\t\t<\/div>\n\t\t\t\t\t<\/div>\n\t\t<\/section>\n\t\t\t\t<\/div>\n\t\t","protected":false},"excerpt":{"rendered":"<p>Tu Diario Tus Ciclos Lunares 2026 \u00bfQuieres dejarte mecer por la Abuela Luna? Hubo un tiempo en que las mujeres no deb\u00edan explicarse. Se escuchaban.Y miraban la Luna. La Abuela era la Sabia, la Memoria de la familia.En la Antig\u00fcedad, las Ancianas eran portadoras de su medicina. Con los a\u00f1os, en muchos linajes fue cada [&hellip;]<\/p>\n","protected":false},"author":1,"featured_media":0,"parent":0,"menu_order":0,"comment_status":"closed","ping_status":"closed","template":"","meta":{"footnotes":""},"class_list":["post-1839","page","type-page","status-publish","hentry"],"_links":{"self":[{"href":"https:\/\/danzastral.com\/index.php\/wp-json\/wp\/v2\/pages\/1839","targetHints":{"allow":["GET"]}}],"collection":[{"href":"https:\/\/danzastral.com\/index.php\/wp-json\/wp\/v2\/pages"}],"about":[{"href":"https:\/\/danzastral.com\/index.php\/wp-json\/wp\/v2\/types\/page"}],"author":[{"embeddable":true,"href":"https:\/\/danzastral.com\/index.php\/wp-json\/wp\/v2\/users\/1"}],"replies":[{"embeddable":true,"href":"https:\/\/danzastral.com\/index.php\/wp-json\/wp\/v2\/comments?post=1839"}],"version-history":[{"count":40,"href":"https:\/\/danzastral.com\/index.php\/wp-json\/wp\/v2\/pages\/1839\/revisions"}],"predecessor-version":[{"id":1912,"href":"https:\/\/danzastral.com\/index.php\/wp-json\/wp\/v2\/pages\/1839\/revisions\/1912"}],"wp:attachment":[{"href":"https:\/\/danzastral.com\/index.php\/wp-json\/wp\/v2\/media?parent=1839"}],"curies":[{"name":"wp","href":"https:\/\/api.w.org\/{rel}","templated":true}]}}