{"id":396,"date":"2022-12-20T11:50:42","date_gmt":"2022-12-20T11:50:42","guid":{"rendered":"https:\/\/danzastral.com\/?page_id=396"},"modified":"2026-02-26T12:29:39","modified_gmt":"2026-02-26T12:29:39","slug":"terapia-energetica","status":"publish","type":"page","link":"https:\/\/danzastral.com\/index.php\/terapia-energetica\/","title":{"rendered":"Terapia Energ\u00e9tica"},"content":{"rendered":"\t\t<div data-elementor-type=\"wp-page\" data-elementor-id=\"396\" class=\"elementor elementor-396\" data-elementor-post-type=\"page\">\n\t\t\t\t\t\t<section class=\"elementor-section elementor-top-section elementor-element elementor-element-6a0490dc elementor-section-height-min-height elementor-section-boxed elementor-section-height-default elementor-section-items-middle\" data-id=\"6a0490dc\" data-element_type=\"section\" data-settings=\"{&quot;background_background&quot;:&quot;classic&quot;,&quot;background_motion_fx_motion_fx_scrolling&quot;:&quot;yes&quot;,&quot;background_motion_fx_translateY_effect&quot;:&quot;yes&quot;,&quot;background_motion_fx_translateY_direction&quot;:&quot;negative&quot;,&quot;background_motion_fx_translateY_speed&quot;:{&quot;unit&quot;:&quot;px&quot;,&quot;size&quot;:&quot;2&quot;,&quot;sizes&quot;:[]},&quot;background_motion_fx_opacity_effect&quot;:&quot;yes&quot;,&quot;background_motion_fx_opacity_level&quot;:{&quot;unit&quot;:&quot;px&quot;,&quot;size&quot;:1,&quot;sizes&quot;:[]},&quot;background_motion_fx_translateY_affectedRange&quot;:{&quot;unit&quot;:&quot;%&quot;,&quot;size&quot;:&quot;&quot;,&quot;sizes&quot;:{&quot;start&quot;:0,&quot;end&quot;:100}},&quot;background_motion_fx_opacity_direction&quot;:&quot;out-in&quot;,&quot;background_motion_fx_opacity_range&quot;:{&quot;unit&quot;:&quot;%&quot;,&quot;size&quot;:&quot;&quot;,&quot;sizes&quot;:{&quot;start&quot;:20,&quot;end&quot;:80}},&quot;background_motion_fx_devices&quot;:[&quot;desktop&quot;,&quot;tablet&quot;,&quot;mobile&quot;]}\">\n\t\t\t\t\t\t\t<div class=\"elementor-background-overlay\"><\/div>\n\t\t\t\t\t\t\t<div class=\"elementor-container elementor-column-gap-no\">\n\t\t\t\t\t<div class=\"elementor-column elementor-col-100 elementor-top-column elementor-element elementor-element-57299d41\" data-id=\"57299d41\" data-element_type=\"column\">\n\t\t\t<div class=\"elementor-widget-wrap elementor-element-populated\">\n\t\t\t\t\t\t<div class=\"elementor-element elementor-element-9c02696 elementor-widget elementor-widget-spacer\" data-id=\"9c02696\" data-element_type=\"widget\" data-widget_type=\"spacer.default\">\n\t\t\t\t<div class=\"elementor-widget-container\">\n\t\t\t\t\t\t\t<div class=\"elementor-spacer\">\n\t\t\t<div class=\"elementor-spacer-inner\"><\/div>\n\t\t<\/div>\n\t\t\t\t\t\t<\/div>\n\t\t\t\t<\/div>\n\t\t\t\t\t<\/div>\n\t\t<\/div>\n\t\t\t\t\t<\/div>\n\t\t<\/section>\n\t\t\t\t<section class=\"elementor-section elementor-top-section elementor-element elementor-element-005ec9b elementor-section-boxed elementor-section-height-default elementor-section-height-default\" data-id=\"005ec9b\" data-element_type=\"section\">\n\t\t\t\t\t\t<div class=\"elementor-container elementor-column-gap-default\">\n\t\t\t\t\t<div class=\"elementor-column elementor-col-100 elementor-top-column elementor-element elementor-element-dd42674\" data-id=\"dd42674\" data-element_type=\"column\">\n\t\t\t<div class=\"elementor-widget-wrap elementor-element-populated\">\n\t\t\t\t\t\t<div class=\"elementor-element elementor-element-9c62b3f elementor-widget elementor-widget-spacer\" data-id=\"9c62b3f\" data-element_type=\"widget\" data-widget_type=\"spacer.default\">\n\t\t\t\t<div class=\"elementor-widget-container\">\n\t\t\t\t\t\t\t<div class=\"elementor-spacer\">\n\t\t\t<div class=\"elementor-spacer-inner\"><\/div>\n\t\t<\/div>\n\t\t\t\t\t\t<\/div>\n\t\t\t\t<\/div>\n\t\t\t\t\t<\/div>\n\t\t<\/div>\n\t\t\t\t\t<\/div>\n\t\t<\/section>\n\t\t\t\t<section class=\"elementor-section elementor-top-section elementor-element elementor-element-f0727a1 elementor-section-boxed elementor-section-height-default elementor-section-height-default\" data-id=\"f0727a1\" data-element_type=\"section\">\n\t\t\t\t\t\t<div class=\"elementor-container elementor-column-gap-default\">\n\t\t\t\t\t<div class=\"elementor-column elementor-col-50 elementor-top-column elementor-element elementor-element-6a988b3\" data-id=\"6a988b3\" data-element_type=\"column\">\n\t\t\t<div class=\"elementor-widget-wrap elementor-element-populated\">\n\t\t\t\t\t\t<div class=\"elementor-element elementor-element-cb8b7ea elementor-widget-tablet__width-initial elementor-widget elementor-widget-heading\" data-id=\"cb8b7ea\" data-element_type=\"widget\" data-widget_type=\"heading.default\">\n\t\t\t\t<div class=\"elementor-widget-container\">\n\t\t\t\t\t<h2 class=\"elementor-heading-title elementor-size-default\">Sanando con la energ\u00eda del Universo<\/h2>\t\t\t\t<\/div>\n\t\t\t\t<\/div>\n\t\t\t\t<div class=\"elementor-element elementor-element-411ac1c elementor-widget-tablet__width-initial elementor-widget elementor-widget-text-editor\" data-id=\"411ac1c\" data-element_type=\"widget\" data-widget_type=\"text-editor.default\">\n\t\t\t\t<div class=\"elementor-widget-container\">\n\t\t\t\t\t\t\t\t\t<p class=\"p1\">Las sesiones de sanaci\u00f3n de Terapia Energ\u00e9tica se basan en el m\u00e9todo <strong>The New Paradigm MDT<\/strong><span style=\"font-weight: bolder; text-align: center; color: var( --e-global-color-text ); background-color: var( --e-global-color-6c9cf26 );\">\u00ae<\/span><span style=\"color: var( --e-global-color-text ); background-color: var( --e-global-color-6c9cf26 );\">. Es una sanaci\u00f3n en todos los niveles de tu Ser: el cuerpo f\u00edsico, emocional y mental, llegando al cuerpo espiritual y conectando as\u00ed con tu Presencia Divina Yo Soy, tu Ser Esencial, para que puedas sentir la paz de tu coraz\u00f3n, que es el que sabe tu verdad.<\/span><\/p><p class=\"p1\">Al canalizar, vemos tambi\u00e9n d\u00f3nde se puede liberar la energ\u00eda estancada. Es muy profundo y te ayudar\u00e1 en lo que est\u00e9s pasando.<\/p><p class=\"p1\">Tambi\u00e9n se hace una armonizaci\u00f3n y limpieza de tus chakras, pues suele haber alguno bloqueado, y permitir as\u00ed liberar la energ\u00eda para que te puedas sentir m\u00e1s ligero y acorde con tu verdad.<\/p><p class=\"p1\">El cuerpo quiere sanar, estar en armon\u00eda con las emociones y la mente. As\u00ed se abre un espectro dentro de ti que est\u00e1 bloqueado por memorias y creencias de dolor.<\/p>\t\t\t\t\t\t\t\t<\/div>\n\t\t\t\t<\/div>\n\t\t\t\t<div class=\"elementor-element elementor-element-c5e30a9 elementor-widget elementor-widget-heading\" data-id=\"c5e30a9\" data-element_type=\"widget\" data-widget_type=\"heading.default\">\n\t\t\t\t<div class=\"elementor-widget-container\">\n\t\t\t\t\t<h2 class=\"elementor-heading-title elementor-size-default\"><i>La energ\u00eda nos une, la energ\u00eda nos sana.<\/i><\/h2>\t\t\t\t<\/div>\n\t\t\t\t<\/div>\n\t\t\t\t<div class=\"elementor-element elementor-element-9572f0f elementor-widget elementor-widget-heading\" data-id=\"9572f0f\" data-element_type=\"widget\" data-widget_type=\"heading.default\">\n\t\t\t\t<div class=\"elementor-widget-container\">\n\t\t\t\t\t<h2 class=\"elementor-heading-title elementor-size-default\">Presencial<\/h2>\t\t\t\t<\/div>\n\t\t\t\t<\/div>\n\t\t\t\t<div class=\"elementor-element elementor-element-e9e478d elementor-widget elementor-widget-text-editor\" data-id=\"e9e478d\" data-element_type=\"widget\" data-widget_type=\"text-editor.default\">\n\t\t\t\t<div class=\"elementor-widget-container\">\n\t\t\t\t\t\t\t\t\t<p class=\"p2\">Se hace en camilla en mi estudio de Vic, utilizando instrumentos medicina como el tambor, koshis, flauta y cuencos de cuarzo y tibetanos.\u00a0<\/p><p class=\"p2\">La sesi\u00f3n tiene una duraci\u00f3n de 1h y 30 min, y su valor es de<strong> 90\u20ac.<\/strong><\/p><p class=\"p2\">Al finalizar se acompa\u00f1a con un PDF personalizado del trabajo realizado, la canalizaci\u00f3n y los consejos a seguir seg\u00fan tu energ\u00eda.<\/p><p class=\"p2\"><strong>El cobro es v\u00eda Bizum o transferencia antes de las sesiones.<\/strong><\/p>\t\t\t\t\t\t\t\t<\/div>\n\t\t\t\t<\/div>\n\t\t\t\t<div class=\"elementor-element elementor-element-545e8c8 elementor-widget elementor-widget-heading\" data-id=\"545e8c8\" data-element_type=\"widget\" data-widget_type=\"heading.default\">\n\t\t\t\t<div class=\"elementor-widget-container\">\n\t\t\t\t\t<h2 class=\"elementor-heading-title elementor-size-default\">A distancia<\/h2>\t\t\t\t<\/div>\n\t\t\t\t<\/div>\n\t\t\t\t<div class=\"elementor-element elementor-element-ea4f00f elementor-widget elementor-widget-text-editor\" data-id=\"ea4f00f\" data-element_type=\"widget\" data-widget_type=\"text-editor.default\">\n\t\t\t\t<div class=\"elementor-widget-container\">\n\t\t\t\t\t\t\t\t\t<p class=\"p2\">Te ubicar\u00e1s en una zona c\u00f3moda all\u00ed d\u00f3nde est\u00e9s, d\u00f3nde nadie pueda molestarte.<\/p><p class=\"p2\">Al finalizar se acompa\u00f1a con un PDF personalizado del trabajo realizado, la canalizaci\u00f3n y los consejos a seguir seg\u00fan tu energ\u00eda.<\/p><p>La sesi\u00f3n tiene una duraci\u00f3n de 1h y 30 min, y su valor es de<strong> 90\u20ac.<\/strong><\/p><p class=\"p2\">Si haces tres seguidas pagando de una vez, son <strong>255\u20ac. <\/strong>Tres sesiones dan muy buen resultado, haciendo las dos primeras m\u00e1s seguidas, y la \u00faltima espaci\u00e1ndola m\u00e1s en el tiempo.<\/p><p><strong>El cobro es v\u00eda bizum o transferencia antes de las sesiones.<\/strong><\/p><p class=\"p1\">\u00bfPor qu\u00e9 aconsejo tres? La tr\u00edada, El Trisquel Celta, es un n\u00famero sagrado. Representa el equilibrio entre cuerpo, mente y esp\u00edritu, el principio y el fin. Hacer 3 sesiones es como un cierre. Por supuesto, cada uno si lo siente y en el tiempo que sea adecuado. Es una sugerencia por la experiencia y resultados de estos a\u00f1os.<\/p>\t\t\t\t\t\t\t\t<\/div>\n\t\t\t\t<\/div>\n\t\t\t\t<div class=\"elementor-element elementor-element-efe91d1 elementor-align-left elementor-mobile-align-center elementor-widget elementor-widget-button\" data-id=\"efe91d1\" data-element_type=\"widget\" data-widget_type=\"button.default\">\n\t\t\t\t<div class=\"elementor-widget-container\">\n\t\t\t\t\t\t\t\t\t<div class=\"elementor-button-wrapper\">\n\t\t\t\t\t<a class=\"elementor-button elementor-button-link elementor-size-sm\" href=\"https:\/\/danzastral.com\/index.php\/contacto\/\">\n\t\t\t\t\t\t<span class=\"elementor-button-content-wrapper\">\n\t\t\t\t\t\t\t\t\t<span class=\"elementor-button-text\">Pide tu Terapia Energ\u00e9tica<\/span>\n\t\t\t\t\t<\/span>\n\t\t\t\t\t<\/a>\n\t\t\t\t<\/div>\n\t\t\t\t\t\t\t\t<\/div>\n\t\t\t\t<\/div>\n\t\t\t\t\t<\/div>\n\t\t<\/div>\n\t\t\t\t<div class=\"elementor-column elementor-col-50 elementor-top-column elementor-element elementor-element-b8a9756\" data-id=\"b8a9756\" data-element_type=\"column\" data-settings=\"{&quot;background_background&quot;:&quot;classic&quot;}\">\n\t\t\t<div class=\"elementor-widget-wrap elementor-element-populated\">\n\t\t\t\t\t\t<div class=\"elementor-element elementor-element-dc88197 elementor-widget elementor-widget-spacer\" data-id=\"dc88197\" data-element_type=\"widget\" data-widget_type=\"spacer.default\">\n\t\t\t\t<div class=\"elementor-widget-container\">\n\t\t\t\t\t\t\t<div class=\"elementor-spacer\">\n\t\t\t<div class=\"elementor-spacer-inner\"><\/div>\n\t\t<\/div>\n\t\t\t\t\t\t<\/div>\n\t\t\t\t<\/div>\n\t\t\t\t\t<\/div>\n\t\t<\/div>\n\t\t\t\t\t<\/div>\n\t\t<\/section>\n\t\t\t\t<section class=\"elementor-section elementor-top-section elementor-element elementor-element-587aa3e elementor-section-boxed elementor-section-height-default elementor-section-height-default\" data-id=\"587aa3e\" data-element_type=\"section\">\n\t\t\t\t\t\t<div class=\"elementor-container elementor-column-gap-default\">\n\t\t\t\t\t<div class=\"elementor-column elementor-col-100 elementor-top-column elementor-element elementor-element-b833947\" data-id=\"b833947\" data-element_type=\"column\">\n\t\t\t<div class=\"elementor-widget-wrap elementor-element-populated\">\n\t\t\t\t\t\t<div class=\"elementor-element elementor-element-75c9512 elementor-widget elementor-widget-spacer\" data-id=\"75c9512\" data-element_type=\"widget\" data-widget_type=\"spacer.default\">\n\t\t\t\t<div class=\"elementor-widget-container\">\n\t\t\t\t\t\t\t<div class=\"elementor-spacer\">\n\t\t\t<div class=\"elementor-spacer-inner\"><\/div>\n\t\t<\/div>\n\t\t\t\t\t\t<\/div>\n\t\t\t\t<\/div>\n\t\t\t\t\t<\/div>\n\t\t<\/div>\n\t\t\t\t\t<\/div>\n\t\t<\/section>\n\t\t\t\t<section class=\"elementor-section elementor-top-section elementor-element elementor-element-70a3383 elementor-section-boxed elementor-section-height-default elementor-section-height-default\" data-id=\"70a3383\" data-element_type=\"section\">\n\t\t\t\t\t\t<div class=\"elementor-container elementor-column-gap-default\">\n\t\t\t\t\t<div class=\"elementor-column elementor-col-100 elementor-top-column elementor-element elementor-element-4525ba8\" data-id=\"4525ba8\" data-element_type=\"column\">\n\t\t\t<div class=\"elementor-widget-wrap elementor-element-populated\">\n\t\t\t\t\t\t<div class=\"elementor-element elementor-element-bb7c66a elementor-widget elementor-widget-gallery\" data-id=\"bb7c66a\" data-element_type=\"widget\" data-settings=\"{&quot;gallery_layout&quot;:&quot;masonry&quot;,&quot;columns&quot;:2,&quot;gap&quot;:{&quot;unit&quot;:&quot;px&quot;,&quot;size&quot;:13,&quot;sizes&quot;:[]},&quot;columns_tablet&quot;:2,&quot;columns_mobile&quot;:1,&quot;gap_tablet&quot;:{&quot;unit&quot;:&quot;px&quot;,&quot;size&quot;:10,&quot;sizes&quot;:[]},&quot;gap_mobile&quot;:{&quot;unit&quot;:&quot;px&quot;,&quot;size&quot;:10,&quot;sizes&quot;:[]},&quot;link_to&quot;:&quot;file&quot;,&quot;overlay_background&quot;:&quot;yes&quot;,&quot;content_hover_animation&quot;:&quot;fade-in&quot;}\" data-widget_type=\"gallery.default\">\n\t\t\t\t<div class=\"elementor-widget-container\">\n\t\t\t\t\t\t\t<div class=\"elementor-gallery__container\">\n\t\t\t\t\t\t\t<a class=\"e-gallery-item elementor-gallery-item elementor-animated-content\" href=\"https:\/\/danzastral.com\/wp-content\/uploads\/2024\/10\/5A53F37C-AC65-4927-94D4-781FAB59B19A.jpg\" data-elementor-open-lightbox=\"yes\" data-elementor-lightbox-slideshow=\"bb7c66a\" data-elementor-lightbox-title=\"5A53F37C-AC65-4927-94D4-781FAB59B19A\" data-e-action-hash=\"#elementor-action%3Aaction%3Dlightbox%26settings%3DeyJpZCI6MTYzMSwidXJsIjoiaHR0cHM6XC9cL2Rhbnphc3RyYWwuY29tXC93cC1jb250ZW50XC91cGxvYWRzXC8yMDI0XC8xMFwvNUE1M0YzN0MtQUM2NS00OTI3LTk0RDQtNzgxRkFCNTlCMTlBLmpwZyIsInNsaWRlc2hvdyI6ImJiN2M2NmEifQ%3D%3D\">\n\t\t\t\t\t<div class=\"e-gallery-image elementor-gallery-item__image\" data-thumbnail=\"https:\/\/danzastral.com\/wp-content\/uploads\/2024\/10\/5A53F37C-AC65-4927-94D4-781FAB59B19A-768x1365.jpg\" data-width=\"768\" data-height=\"1365\" aria-label=\"\" role=\"img\" ><\/div>\n\t\t\t\t\t\t\t\t\t\t\t<div class=\"elementor-gallery-item__overlay\"><\/div>\n\t\t\t\t\t\t\t\t\t\t\t\t\t\t<\/a>\n\t\t\t\t\t\t\t<a class=\"e-gallery-item elementor-gallery-item elementor-animated-content\" href=\"https:\/\/danzastral.com\/wp-content\/uploads\/2024\/10\/IMG_4384-scaled.jpg\" data-elementor-open-lightbox=\"yes\" data-elementor-lightbox-slideshow=\"bb7c66a\" data-elementor-lightbox-title=\"IMG_4384\" data-e-action-hash=\"#elementor-action%3Aaction%3Dlightbox%26settings%3DeyJpZCI6MTYzNCwidXJsIjoiaHR0cHM6XC9cL2Rhbnphc3RyYWwuY29tXC93cC1jb250ZW50XC91cGxvYWRzXC8yMDI0XC8xMFwvSU1HXzQzODQtc2NhbGVkLmpwZyIsInNsaWRlc2hvdyI6ImJiN2M2NmEifQ%3D%3D\">\n\t\t\t\t\t<div class=\"e-gallery-image elementor-gallery-item__image\" data-thumbnail=\"https:\/\/danzastral.com\/wp-content\/uploads\/2024\/10\/IMG_4384-scaled.jpg\" data-width=\"768\" data-height=\"576\" aria-label=\"\" role=\"img\" ><\/div>\n\t\t\t\t\t\t\t\t\t\t\t<div class=\"elementor-gallery-item__overlay\"><\/div>\n\t\t\t\t\t\t\t\t\t\t\t\t\t\t<\/a>\n\t\t\t\t\t\t\t<a class=\"e-gallery-item elementor-gallery-item elementor-animated-content\" href=\"https:\/\/danzastral.com\/wp-content\/uploads\/2024\/10\/WhatsApp-Image-2024-10-28-at-17.47.53.jpeg\" data-elementor-open-lightbox=\"yes\" data-elementor-lightbox-slideshow=\"bb7c66a\" data-elementor-lightbox-title=\"WhatsApp Image 2024-10-28 at 17.47.53\" data-e-action-hash=\"#elementor-action%3Aaction%3Dlightbox%26settings%3DeyJpZCI6MTYzOCwidXJsIjoiaHR0cHM6XC9cL2Rhbnphc3RyYWwuY29tXC93cC1jb250ZW50XC91cGxvYWRzXC8yMDI0XC8xMFwvV2hhdHNBcHAtSW1hZ2UtMjAyNC0xMC0yOC1hdC0xNy40Ny41My5qcGVnIiwic2xpZGVzaG93IjoiYmI3YzY2YSJ9\">\n\t\t\t\t\t<div class=\"e-gallery-image elementor-gallery-item__image\" data-thumbnail=\"https:\/\/danzastral.com\/wp-content\/uploads\/2024\/10\/WhatsApp-Image-2024-10-28-at-17.47.53-768x1365.jpeg\" data-width=\"768\" data-height=\"1365\" aria-label=\"\" role=\"img\" ><\/div>\n\t\t\t\t\t\t\t\t\t\t\t<div class=\"elementor-gallery-item__overlay\"><\/div>\n\t\t\t\t\t\t\t\t\t\t\t\t\t\t<\/a>\n\t\t\t\t\t\t\t<a class=\"e-gallery-item elementor-gallery-item elementor-animated-content\" href=\"https:\/\/danzastral.com\/wp-content\/uploads\/2024\/10\/14E80365-EA34-44CF-ABAB-4FE6615FC5D7.jpg\" data-elementor-open-lightbox=\"yes\" data-elementor-lightbox-slideshow=\"bb7c66a\" data-elementor-lightbox-title=\"14E80365-EA34-44CF-ABAB-4FE6615FC5D7\" data-e-action-hash=\"#elementor-action%3Aaction%3Dlightbox%26settings%3DeyJpZCI6MTYzMywidXJsIjoiaHR0cHM6XC9cL2Rhbnphc3RyYWwuY29tXC93cC1jb250ZW50XC91cGxvYWRzXC8yMDI0XC8xMFwvMTRFODAzNjUtRUEzNC00NENGLUFCQUItNEZFNjYxNUZDNUQ3LmpwZyIsInNsaWRlc2hvdyI6ImJiN2M2NmEifQ%3D%3D\">\n\t\t\t\t\t<div class=\"e-gallery-image elementor-gallery-item__image\" data-thumbnail=\"https:\/\/danzastral.com\/wp-content\/uploads\/2024\/10\/14E80365-EA34-44CF-ABAB-4FE6615FC5D7-768x1365.jpg\" data-width=\"768\" data-height=\"1365\" aria-label=\"\" role=\"img\" ><\/div>\n\t\t\t\t\t\t\t\t\t\t\t<div class=\"elementor-gallery-item__overlay\"><\/div>\n\t\t\t\t\t\t\t\t\t\t\t\t\t\t<\/a>\n\t\t\t\t\t\t\t<a class=\"e-gallery-item elementor-gallery-item elementor-animated-content\" href=\"https:\/\/danzastral.com\/wp-content\/uploads\/2024\/10\/D81C9B6F-C747-4007-99CC-4931C3A668F2-e1730133720628.jpg\" data-elementor-open-lightbox=\"yes\" data-elementor-lightbox-slideshow=\"bb7c66a\" data-elementor-lightbox-title=\"D81C9B6F-C747-4007-99CC-4931C3A668F2\" data-e-action-hash=\"#elementor-action%3Aaction%3Dlightbox%26settings%3DeyJpZCI6MTYzMiwidXJsIjoiaHR0cHM6XC9cL2Rhbnphc3RyYWwuY29tXC93cC1jb250ZW50XC91cGxvYWRzXC8yMDI0XC8xMFwvRDgxQzlCNkYtQzc0Ny00MDA3LTk5Q0MtNDkzMUMzQTY2OEYyLWUxNzMwMTMzNzIwNjI4LmpwZyIsInNsaWRlc2hvdyI6ImJiN2M2NmEifQ%3D%3D\">\n\t\t\t\t\t<div class=\"e-gallery-image elementor-gallery-item__image\" data-thumbnail=\"https:\/\/danzastral.com\/wp-content\/uploads\/2024\/10\/D81C9B6F-C747-4007-99CC-4931C3A668F2-e1730133720628-768x432.jpg\" data-width=\"768\" data-height=\"432\" aria-label=\"\" role=\"img\" ><\/div>\n\t\t\t\t\t\t\t\t\t\t\t<div class=\"elementor-gallery-item__overlay\"><\/div>\n\t\t\t\t\t\t\t\t\t\t\t\t\t\t<\/a>\n\t\t\t\t\t\t\t<a class=\"e-gallery-item elementor-gallery-item elementor-animated-content\" href=\"https:\/\/danzastral.com\/wp-content\/uploads\/2024\/10\/B9194ED6-7545-4D32-905D-D101180C5CD0-e1730133694948.jpg\" data-elementor-open-lightbox=\"yes\" data-elementor-lightbox-slideshow=\"bb7c66a\" data-elementor-lightbox-title=\"B9194ED6-7545-4D32-905D-D101180C5CD0\" data-e-action-hash=\"#elementor-action%3Aaction%3Dlightbox%26settings%3DeyJpZCI6MTYyOSwidXJsIjoiaHR0cHM6XC9cL2Rhbnphc3RyYWwuY29tXC93cC1jb250ZW50XC91cGxvYWRzXC8yMDI0XC8xMFwvQjkxOTRFRDYtNzU0NS00RDMyLTkwNUQtRDEwMTE4MEM1Q0QwLWUxNzMwMTMzNjk0OTQ4LmpwZyIsInNsaWRlc2hvdyI6ImJiN2M2NmEifQ%3D%3D\">\n\t\t\t\t\t<div class=\"e-gallery-image elementor-gallery-item__image\" data-thumbnail=\"https:\/\/danzastral.com\/wp-content\/uploads\/2024\/10\/B9194ED6-7545-4D32-905D-D101180C5CD0-e1730133694948-768x432.jpg\" data-width=\"768\" data-height=\"432\" aria-label=\"\" role=\"img\" ><\/div>\n\t\t\t\t\t\t\t\t\t\t\t<div class=\"elementor-gallery-item__overlay\"><\/div>\n\t\t\t\t\t\t\t\t\t\t\t\t\t\t<\/a>\n\t\t\t\t\t<\/div>\n\t\t\t\t\t<\/div>\n\t\t\t\t<\/div>\n\t\t\t\t\t<\/div>\n\t\t<\/div>\n\t\t\t\t\t<\/div>\n\t\t<\/section>\n\t\t\t\t<section class=\"elementor-section elementor-top-section elementor-element elementor-element-4d254d2 elementor-section-boxed elementor-section-height-default elementor-section-height-default\" data-id=\"4d254d2\" data-element_type=\"section\">\n\t\t\t\t\t\t<div class=\"elementor-container elementor-column-gap-default\">\n\t\t\t\t\t<div class=\"elementor-column elementor-col-100 elementor-top-column elementor-element elementor-element-abfb47e\" data-id=\"abfb47e\" data-element_type=\"column\">\n\t\t\t<div class=\"elementor-widget-wrap elementor-element-populated\">\n\t\t\t\t\t\t<div class=\"elementor-element elementor-element-13136da elementor-widget elementor-widget-spacer\" data-id=\"13136da\" data-element_type=\"widget\" data-widget_type=\"spacer.default\">\n\t\t\t\t<div class=\"elementor-widget-container\">\n\t\t\t\t\t\t\t<div class=\"elementor-spacer\">\n\t\t\t<div class=\"elementor-spacer-inner\"><\/div>\n\t\t<\/div>\n\t\t\t\t\t\t<\/div>\n\t\t\t\t<\/div>\n\t\t\t\t\t<\/div>\n\t\t<\/div>\n\t\t\t\t\t<\/div>\n\t\t<\/section>\n\t\t\t\t<\/div>\n\t\t","protected":false},"excerpt":{"rendered":"<p>Sanando con la energ\u00eda del Universo Las sesiones de sanaci\u00f3n de Terapia Energ\u00e9tica se basan en el m\u00e9todo The New Paradigm MDT\u00ae. Es una sanaci\u00f3n en todos los niveles de tu Ser: el cuerpo f\u00edsico, emocional y mental, llegando al cuerpo espiritual y conectando as\u00ed con tu Presencia Divina Yo Soy, tu Ser Esencial, para [&hellip;]<\/p>\n","protected":false},"author":1,"featured_media":0,"parent":0,"menu_order":0,"comment_status":"closed","ping_status":"closed","template":"elementor_header_footer","meta":{"footnotes":""},"class_list":["post-396","page","type-page","status-publish","hentry"],"_links":{"self":[{"href":"https:\/\/danzastral.com\/index.php\/wp-json\/wp\/v2\/pages\/396","targetHints":{"allow":["GET"]}}],"collection":[{"href":"https:\/\/danzastral.com\/index.php\/wp-json\/wp\/v2\/pages"}],"about":[{"href":"https:\/\/danzastral.com\/index.php\/wp-json\/wp\/v2\/types\/page"}],"author":[{"embeddable":true,"href":"https:\/\/danzastral.com\/index.php\/wp-json\/wp\/v2\/users\/1"}],"replies":[{"embeddable":true,"href":"https:\/\/danzastral.com\/index.php\/wp-json\/wp\/v2\/comments?post=396"}],"version-history":[{"count":121,"href":"https:\/\/danzastral.com\/index.php\/wp-json\/wp\/v2\/pages\/396\/revisions"}],"predecessor-version":[{"id":1919,"href":"https:\/\/danzastral.com\/index.php\/wp-json\/wp\/v2\/pages\/396\/revisions\/1919"}],"wp:attachment":[{"href":"https:\/\/danzastral.com\/index.php\/wp-json\/wp\/v2\/media?parent=396"}],"curies":[{"name":"wp","href":"https:\/\/api.w.org\/{rel}","templated":true}]}}