{"id":53,"date":"2022-12-13T13:02:35","date_gmt":"2022-12-13T13:02:35","guid":{"rendered":"https:\/\/danzastral.com\/index.php\/services\/"},"modified":"2024-10-31T19:45:08","modified_gmt":"2024-10-31T19:45:08","slug":"mis-servicios","status":"publish","type":"page","link":"https:\/\/danzastral.com\/index.php\/mis-servicios\/","title":{"rendered":"Mis Servicios"},"content":{"rendered":"\t\t<div data-elementor-type=\"wp-page\" data-elementor-id=\"53\" class=\"elementor elementor-53\" data-elementor-post-type=\"page\">\n\t\t\t\t\t\t<section class=\"elementor-section elementor-top-section elementor-element elementor-element-143073cc elementor-section-height-min-height elementor-section-boxed elementor-section-height-default elementor-section-items-middle\" data-id=\"143073cc\" data-element_type=\"section\" data-settings=\"{&quot;background_background&quot;:&quot;classic&quot;,&quot;background_motion_fx_motion_fx_scrolling&quot;:&quot;yes&quot;,&quot;background_motion_fx_translateY_effect&quot;:&quot;yes&quot;,&quot;background_motion_fx_translateY_direction&quot;:&quot;negative&quot;,&quot;background_motion_fx_translateY_speed&quot;:{&quot;unit&quot;:&quot;px&quot;,&quot;size&quot;:&quot;2&quot;,&quot;sizes&quot;:[]},&quot;background_motion_fx_translateY_affectedRange&quot;:{&quot;unit&quot;:&quot;%&quot;,&quot;size&quot;:&quot;&quot;,&quot;sizes&quot;:{&quot;start&quot;:0,&quot;end&quot;:100}},&quot;background_motion_fx_devices&quot;:[&quot;desktop&quot;,&quot;tablet&quot;,&quot;mobile&quot;]}\">\n\t\t\t\t\t\t<div class=\"elementor-container elementor-column-gap-no\">\n\t\t\t\t\t<div class=\"elementor-column elementor-col-100 elementor-top-column elementor-element elementor-element-53c2e092\" data-id=\"53c2e092\" data-element_type=\"column\">\n\t\t\t<div class=\"elementor-widget-wrap elementor-element-populated\">\n\t\t\t\t\t\t<div class=\"elementor-element elementor-element-4349d1b2 elementor-widget elementor-widget-spacer\" data-id=\"4349d1b2\" data-element_type=\"widget\" data-widget_type=\"spacer.default\">\n\t\t\t\t<div class=\"elementor-widget-container\">\n\t\t\t\t\t\t\t<div class=\"elementor-spacer\">\n\t\t\t<div class=\"elementor-spacer-inner\"><\/div>\n\t\t<\/div>\n\t\t\t\t\t\t<\/div>\n\t\t\t\t<\/div>\n\t\t\t\t\t<\/div>\n\t\t<\/div>\n\t\t\t\t\t<\/div>\n\t\t<\/section>\n\t\t\t\t<section class=\"elementor-section elementor-top-section elementor-element elementor-element-49205a8 elementor-section-boxed elementor-section-height-default elementor-section-height-default\" data-id=\"49205a8\" data-element_type=\"section\">\n\t\t\t\t\t\t<div class=\"elementor-container elementor-column-gap-default\">\n\t\t\t\t\t<div class=\"elementor-column elementor-col-100 elementor-top-column elementor-element elementor-element-c9d9aea\" data-id=\"c9d9aea\" data-element_type=\"column\">\n\t\t\t<div class=\"elementor-widget-wrap elementor-element-populated\">\n\t\t\t\t\t\t<div class=\"elementor-element elementor-element-17e4322 elementor-widget elementor-widget-spacer\" data-id=\"17e4322\" data-element_type=\"widget\" data-widget_type=\"spacer.default\">\n\t\t\t\t<div class=\"elementor-widget-container\">\n\t\t\t\t\t\t\t<div class=\"elementor-spacer\">\n\t\t\t<div class=\"elementor-spacer-inner\"><\/div>\n\t\t<\/div>\n\t\t\t\t\t\t<\/div>\n\t\t\t\t<\/div>\n\t\t\t\t<div class=\"elementor-element elementor-element-e9b672b elementor-widget elementor-widget-heading\" data-id=\"e9b672b\" data-element_type=\"widget\" data-widget_type=\"heading.default\">\n\t\t\t\t<div class=\"elementor-widget-container\">\n\t\t\t\t\t<h2 class=\"elementor-heading-title elementor-size-default\">Terapias adaptadas a tu bienestar<\/h2>\t\t\t\t<\/div>\n\t\t\t\t<\/div>\n\t\t\t\t<div class=\"elementor-element elementor-element-7360baa elementor-widget elementor-widget-heading\" data-id=\"7360baa\" data-element_type=\"widget\" data-widget_type=\"heading.default\">\n\t\t\t\t<div class=\"elementor-widget-container\">\n\t\t\t\t\t<h2 class=\"elementor-heading-title elementor-size-default\">Sana tu cuerpo, mente y esp\u00edritu a tu ritmo<\/h2>\t\t\t\t<\/div>\n\t\t\t\t<\/div>\n\t\t\t\t<div class=\"elementor-element elementor-element-4d1b094 elementor-widget elementor-widget-spacer\" data-id=\"4d1b094\" data-element_type=\"widget\" data-widget_type=\"spacer.default\">\n\t\t\t\t<div class=\"elementor-widget-container\">\n\t\t\t\t\t\t\t<div class=\"elementor-spacer\">\n\t\t\t<div class=\"elementor-spacer-inner\"><\/div>\n\t\t<\/div>\n\t\t\t\t\t\t<\/div>\n\t\t\t\t<\/div>\n\t\t\t\t<div class=\"elementor-element elementor-element-8edeab1 elementor-align-center elementor-widget elementor-widget-button\" data-id=\"8edeab1\" data-element_type=\"widget\" data-widget_type=\"button.default\">\n\t\t\t\t<div class=\"elementor-widget-container\">\n\t\t\t\t\t\t\t\t\t<div class=\"elementor-button-wrapper\">\n\t\t\t\t\t<a class=\"elementor-button elementor-button-link elementor-size-sm\" href=\"https:\/\/danzastral.com\/index.php\/contacto\/\">\n\t\t\t\t\t\t<span class=\"elementor-button-content-wrapper\">\n\t\t\t\t\t\t\t\t\t<span class=\"elementor-button-text\">Aqu\u00ed puedes reservar<\/span>\n\t\t\t\t\t<\/span>\n\t\t\t\t\t<\/a>\n\t\t\t\t<\/div>\n\t\t\t\t\t\t\t\t<\/div>\n\t\t\t\t<\/div>\n\t\t\t\t\t<\/div>\n\t\t<\/div>\n\t\t\t\t\t<\/div>\n\t\t<\/section>\n\t\t\t\t<section class=\"elementor-section elementor-top-section elementor-element elementor-element-16b32ec elementor-section-boxed elementor-section-height-default elementor-section-height-default\" data-id=\"16b32ec\" data-element_type=\"section\">\n\t\t\t\t\t\t<div class=\"elementor-container elementor-column-gap-no\">\n\t\t\t\t\t<div class=\"elementor-column elementor-col-100 elementor-top-column elementor-element elementor-element-4385a34\" data-id=\"4385a34\" data-element_type=\"column\">\n\t\t\t<div class=\"elementor-widget-wrap elementor-element-populated\">\n\t\t\t\t\t\t<section class=\"elementor-section elementor-inner-section elementor-element elementor-element-41b9293 elementor-section-boxed elementor-section-height-default elementor-section-height-default\" data-id=\"41b9293\" data-element_type=\"section\">\n\t\t\t\t\t\t<div class=\"elementor-container elementor-column-gap-no\">\n\t\t\t\t\t<div class=\"elementor-column elementor-col-33 elementor-inner-column elementor-element elementor-element-8d99432\" data-id=\"8d99432\" data-element_type=\"column\">\n\t\t\t<div class=\"elementor-widget-wrap elementor-element-populated\">\n\t\t\t\t\t\t<div class=\"elementor-element elementor-element-ca05640 elementor-widget elementor-widget-heading\" data-id=\"ca05640\" data-element_type=\"widget\" data-widget_type=\"heading.default\">\n\t\t\t\t<div class=\"elementor-widget-container\">\n\t\t\t\t\t<h5 class=\"elementor-heading-title elementor-size-small\"><b>ASTROLOG\u00cdA EVOLUTIVA<\/b><\/h5>\t\t\t\t<\/div>\n\t\t\t\t<\/div>\n\t\t\t\t<div class=\"elementor-element elementor-element-9c91b1b elementor-widget elementor-widget-image\" data-id=\"9c91b1b\" data-element_type=\"widget\" data-widget_type=\"image.default\">\n\t\t\t\t<div class=\"elementor-widget-container\">\n\t\t\t\t\t\t\t\t\t\t\t\t\t\t\t\t<a href=\"https:\/\/danzastral.com\/index.php\/astrologia-evolutiva\/\">\n\t\t\t\t\t\t\t<img fetchpriority=\"high\" decoding=\"async\" width=\"800\" height=\"534\" src=\"https:\/\/danzastral.com\/wp-content\/uploads\/2024\/10\/pexels-158524029-10780188-1024x683.jpg\" class=\"elementor-animation-grow attachment-large size-large wp-image-1397\" alt=\"\" srcset=\"https:\/\/danzastral.com\/wp-content\/uploads\/2024\/10\/pexels-158524029-10780188-1024x683.jpg 1024w, https:\/\/danzastral.com\/wp-content\/uploads\/2024\/10\/pexels-158524029-10780188-300x200.jpg 300w, https:\/\/danzastral.com\/wp-content\/uploads\/2024\/10\/pexels-158524029-10780188-768x512.jpg 768w\" sizes=\"(max-width: 800px) 100vw, 800px\" \/>\t\t\t\t\t\t\t\t<\/a>\n\t\t\t\t\t\t\t\t\t\t\t\t\t\t\t<\/div>\n\t\t\t\t<\/div>\n\t\t\t\t<div class=\"elementor-element elementor-element-601f606 elementor-widget elementor-widget-spacer\" data-id=\"601f606\" data-element_type=\"widget\" data-widget_type=\"spacer.default\">\n\t\t\t\t<div class=\"elementor-widget-container\">\n\t\t\t\t\t\t\t<div class=\"elementor-spacer\">\n\t\t\t<div class=\"elementor-spacer-inner\"><\/div>\n\t\t<\/div>\n\t\t\t\t\t\t<\/div>\n\t\t\t\t<\/div>\n\t\t\t\t<div class=\"elementor-element elementor-element-5f04894 elementor-widget elementor-widget-text-editor\" data-id=\"5f04894\" data-element_type=\"widget\" data-widget_type=\"text-editor.default\">\n\t\t\t\t<div class=\"elementor-widget-container\">\n\t\t\t\t\t\t\t\t\t<p>La <b>Carta Astral <\/b>es una herramienta que refleja la alineaci\u00f3n de los planetas en el momento en que nacemos y permite explorar rasgos de tu personalidad.<\/p>\t\t\t\t\t\t\t\t<\/div>\n\t\t\t\t<\/div>\n\t\t\t\t\t<\/div>\n\t\t<\/div>\n\t\t\t\t<div class=\"elementor-column elementor-col-33 elementor-inner-column elementor-element elementor-element-c8fdb3e\" data-id=\"c8fdb3e\" data-element_type=\"column\">\n\t\t\t<div class=\"elementor-widget-wrap elementor-element-populated\">\n\t\t\t\t\t\t<div class=\"elementor-element elementor-element-1f97fd1 elementor-widget elementor-widget-heading\" data-id=\"1f97fd1\" data-element_type=\"widget\" data-widget_type=\"heading.default\">\n\t\t\t\t<div class=\"elementor-widget-container\">\n\t\t\t\t\t<h5 class=\"elementor-heading-title elementor-size-small\"><b>TERAPIA ENERG\u00c9TICA<\/b><\/h5>\t\t\t\t<\/div>\n\t\t\t\t<\/div>\n\t\t\t\t<div class=\"elementor-element elementor-element-88f600b elementor-widget elementor-widget-image\" data-id=\"88f600b\" data-element_type=\"widget\" data-widget_type=\"image.default\">\n\t\t\t\t<div class=\"elementor-widget-container\">\n\t\t\t\t\t\t\t\t\t\t\t\t\t\t\t\t<a href=\"https:\/\/danzastral.com\/index.php\/terapia-energetica\/\">\n\t\t\t\t\t\t\t<img decoding=\"async\" width=\"800\" height=\"536\" src=\"https:\/\/danzastral.com\/wp-content\/uploads\/2022\/12\/aaff-foto-servicios-home-05-1024x686.png\" class=\"elementor-animation-grow attachment-large size-large wp-image-153\" alt=\"\" srcset=\"https:\/\/danzastral.com\/wp-content\/uploads\/2022\/12\/aaff-foto-servicios-home-05-1024x686.png 1024w, https:\/\/danzastral.com\/wp-content\/uploads\/2022\/12\/aaff-foto-servicios-home-05-300x201.png 300w, https:\/\/danzastral.com\/wp-content\/uploads\/2022\/12\/aaff-foto-servicios-home-05-768x514.png 768w, https:\/\/danzastral.com\/wp-content\/uploads\/2022\/12\/aaff-foto-servicios-home-05-1536x1029.png 1536w, https:\/\/danzastral.com\/wp-content\/uploads\/2022\/12\/aaff-foto-servicios-home-05.png 1765w\" sizes=\"(max-width: 800px) 100vw, 800px\" \/>\t\t\t\t\t\t\t\t<\/a>\n\t\t\t\t\t\t\t\t\t\t\t\t\t\t\t<\/div>\n\t\t\t\t<\/div>\n\t\t\t\t<div class=\"elementor-element elementor-element-e04410e elementor-widget elementor-widget-spacer\" data-id=\"e04410e\" data-element_type=\"widget\" data-widget_type=\"spacer.default\">\n\t\t\t\t<div class=\"elementor-widget-container\">\n\t\t\t\t\t\t\t<div class=\"elementor-spacer\">\n\t\t\t<div class=\"elementor-spacer-inner\"><\/div>\n\t\t<\/div>\n\t\t\t\t\t\t<\/div>\n\t\t\t\t<\/div>\n\t\t\t\t<div class=\"elementor-element elementor-element-e0a6e91 elementor-widget elementor-widget-text-editor\" data-id=\"e0a6e91\" data-element_type=\"widget\" data-widget_type=\"text-editor.default\">\n\t\t\t\t<div class=\"elementor-widget-container\">\n\t\t\t\t\t\t\t\t\t<p>M\u00e9todo de sanaci\u00f3n <strong>New Paradigm MDT\u00ae<\/strong>,<strong>\u00a0<\/strong>donde canalizo la energ\u00eda de tu cuerpo y esp\u00edritu limpiando bloqueos f\u00edsicos, mentales y emocionales que te causan malestar.<\/p>\t\t\t\t\t\t\t\t<\/div>\n\t\t\t\t<\/div>\n\t\t\t\t\t<\/div>\n\t\t<\/div>\n\t\t\t\t<div class=\"elementor-column elementor-col-33 elementor-inner-column elementor-element elementor-element-5505e2a\" data-id=\"5505e2a\" data-element_type=\"column\">\n\t\t\t<div class=\"elementor-widget-wrap elementor-element-populated\">\n\t\t\t\t\t\t<div class=\"elementor-element elementor-element-df05e4d elementor-widget elementor-widget-heading\" data-id=\"df05e4d\" data-element_type=\"widget\" data-widget_type=\"heading.default\">\n\t\t\t\t<div class=\"elementor-widget-container\">\n\t\t\t\t\t<h5 class=\"elementor-heading-title elementor-size-small\"><b>CURSO DE ASTROLOG\u00cdA<\/b><\/h5>\t\t\t\t<\/div>\n\t\t\t\t<\/div>\n\t\t\t\t<div class=\"elementor-element elementor-element-14c8033 elementor-widget elementor-widget-image\" data-id=\"14c8033\" data-element_type=\"widget\" data-widget_type=\"image.default\">\n\t\t\t\t<div class=\"elementor-widget-container\">\n\t\t\t\t\t\t\t\t\t\t\t\t\t\t\t\t<a href=\"https:\/\/danzastral.com\/index.php\/curso-de-astrologia\/\">\n\t\t\t\t\t\t\t<img decoding=\"async\" width=\"800\" height=\"534\" src=\"https:\/\/danzastral.com\/wp-content\/uploads\/2024\/10\/pexels-pavel-danilyuk-7222022-1024x684.jpg\" class=\"elementor-animation-grow attachment-large size-large wp-image-1318\" alt=\"\" srcset=\"https:\/\/danzastral.com\/wp-content\/uploads\/2024\/10\/pexels-pavel-danilyuk-7222022-1024x684.jpg 1024w, https:\/\/danzastral.com\/wp-content\/uploads\/2024\/10\/pexels-pavel-danilyuk-7222022-300x200.jpg 300w, https:\/\/danzastral.com\/wp-content\/uploads\/2024\/10\/pexels-pavel-danilyuk-7222022-768x513.jpg 768w, https:\/\/danzastral.com\/wp-content\/uploads\/2024\/10\/pexels-pavel-danilyuk-7222022-1536x1026.jpg 1536w, https:\/\/danzastral.com\/wp-content\/uploads\/2024\/10\/pexels-pavel-danilyuk-7222022-2048x1367.jpg 2048w\" sizes=\"(max-width: 800px) 100vw, 800px\" \/>\t\t\t\t\t\t\t\t<\/a>\n\t\t\t\t\t\t\t\t\t\t\t\t\t\t\t<\/div>\n\t\t\t\t<\/div>\n\t\t\t\t<div class=\"elementor-element elementor-element-7706357 elementor-widget elementor-widget-spacer\" data-id=\"7706357\" data-element_type=\"widget\" data-widget_type=\"spacer.default\">\n\t\t\t\t<div class=\"elementor-widget-container\">\n\t\t\t\t\t\t\t<div class=\"elementor-spacer\">\n\t\t\t<div class=\"elementor-spacer-inner\"><\/div>\n\t\t<\/div>\n\t\t\t\t\t\t<\/div>\n\t\t\t\t<\/div>\n\t\t\t\t<div class=\"elementor-element elementor-element-b0a759a elementor-widget elementor-widget-text-editor\" data-id=\"b0a759a\" data-element_type=\"widget\" data-widget_type=\"text-editor.default\">\n\t\t\t\t<div class=\"elementor-widget-container\">\n\t\t\t\t\t\t\t\t\t<p>En este curso de <strong>Astrolog\u00eda Evolutiva<\/strong> desde el <strong>despertar del femenino<\/strong> podr\u00e1s profundizar en c\u00f3mo la Luna y Venus influyen en el goce y en el cuidado en ti.<\/p>\t\t\t\t\t\t\t\t<\/div>\n\t\t\t\t<\/div>\n\t\t\t\t\t<\/div>\n\t\t<\/div>\n\t\t\t\t\t<\/div>\n\t\t<\/section>\n\t\t\t\t\t<\/div>\n\t\t<\/div>\n\t\t\t\t\t<\/div>\n\t\t<\/section>\n\t\t\t\t<section class=\"elementor-section elementor-top-section elementor-element elementor-element-6099101 elementor-section-boxed elementor-section-height-default elementor-section-height-default\" data-id=\"6099101\" data-element_type=\"section\">\n\t\t\t\t\t\t<div class=\"elementor-container elementor-column-gap-default\">\n\t\t\t\t\t<div class=\"elementor-column elementor-col-100 elementor-top-column elementor-element elementor-element-08fb258\" data-id=\"08fb258\" data-element_type=\"column\">\n\t\t\t<div class=\"elementor-widget-wrap elementor-element-populated\">\n\t\t\t\t\t\t<section class=\"elementor-section elementor-inner-section elementor-element elementor-element-8dbf8a6 elementor-section-boxed elementor-section-height-default elementor-section-height-default\" data-id=\"8dbf8a6\" data-element_type=\"section\">\n\t\t\t\t\t\t<div class=\"elementor-container elementor-column-gap-no\">\n\t\t\t\t\t<div class=\"elementor-column elementor-col-50 elementor-inner-column elementor-element elementor-element-3ec697e\" data-id=\"3ec697e\" data-element_type=\"column\">\n\t\t\t<div class=\"elementor-widget-wrap elementor-element-populated\">\n\t\t\t\t\t\t<div class=\"elementor-element elementor-element-b77b8e0 elementor-widget elementor-widget-heading\" data-id=\"b77b8e0\" data-element_type=\"widget\" data-widget_type=\"heading.default\">\n\t\t\t\t<div class=\"elementor-widget-container\">\n\t\t\t\t\t<h5 class=\"elementor-heading-title elementor-size-small\"><b>PLANTAS MEDICINALES<\/b><\/h5>\t\t\t\t<\/div>\n\t\t\t\t<\/div>\n\t\t\t\t<div class=\"elementor-element elementor-element-8a42680 elementor-widget elementor-widget-image\" data-id=\"8a42680\" data-element_type=\"widget\" data-widget_type=\"image.default\">\n\t\t\t\t<div class=\"elementor-widget-container\">\n\t\t\t\t\t\t\t\t\t\t\t\t\t\t\t\t<a href=\"https:\/\/danzastral.com\/index.php\/plantas-medicinales\/\">\n\t\t\t\t\t\t\t<img loading=\"lazy\" decoding=\"async\" width=\"800\" height=\"534\" src=\"https:\/\/danzastral.com\/wp-content\/uploads\/2024\/10\/pexels-yankrukov-5480192-1024x683.jpg\" class=\"elementor-animation-grow attachment-large size-large wp-image-1322\" alt=\"\" srcset=\"https:\/\/danzastral.com\/wp-content\/uploads\/2024\/10\/pexels-yankrukov-5480192-1024x683.jpg 1024w, https:\/\/danzastral.com\/wp-content\/uploads\/2024\/10\/pexels-yankrukov-5480192-300x200.jpg 300w, https:\/\/danzastral.com\/wp-content\/uploads\/2024\/10\/pexels-yankrukov-5480192-768x512.jpg 768w, https:\/\/danzastral.com\/wp-content\/uploads\/2024\/10\/pexels-yankrukov-5480192-1536x1024.jpg 1536w, https:\/\/danzastral.com\/wp-content\/uploads\/2024\/10\/pexels-yankrukov-5480192-2048x1365.jpg 2048w\" sizes=\"(max-width: 800px) 100vw, 800px\" \/>\t\t\t\t\t\t\t\t<\/a>\n\t\t\t\t\t\t\t\t\t\t\t\t\t\t\t<\/div>\n\t\t\t\t<\/div>\n\t\t\t\t<div class=\"elementor-element elementor-element-44a626f elementor-widget elementor-widget-spacer\" data-id=\"44a626f\" data-element_type=\"widget\" data-widget_type=\"spacer.default\">\n\t\t\t\t<div class=\"elementor-widget-container\">\n\t\t\t\t\t\t\t<div class=\"elementor-spacer\">\n\t\t\t<div class=\"elementor-spacer-inner\"><\/div>\n\t\t<\/div>\n\t\t\t\t\t\t<\/div>\n\t\t\t\t<\/div>\n\t\t\t\t<div class=\"elementor-element elementor-element-3f42e3e elementor-widget elementor-widget-text-editor\" data-id=\"3f42e3e\" data-element_type=\"widget\" data-widget_type=\"text-editor.default\">\n\t\t\t\t<div class=\"elementor-widget-container\">\n\t\t\t\t\t\t\t\t\t<p>Productos artesanales como <b>Flores de Bach<\/b>\u00a0y <b>Sahumerios<\/b> para potenciar la salud del cuerpo y la mente, a trav\u00e9s del uso de\u00a0 plantas y hierbas medicinales.<\/p>\t\t\t\t\t\t\t\t<\/div>\n\t\t\t\t<\/div>\n\t\t\t\t\t<\/div>\n\t\t<\/div>\n\t\t\t\t<div class=\"elementor-column elementor-col-50 elementor-inner-column elementor-element elementor-element-93ef4bd\" data-id=\"93ef4bd\" data-element_type=\"column\">\n\t\t\t<div class=\"elementor-widget-wrap elementor-element-populated\">\n\t\t\t\t\t\t<div class=\"elementor-element elementor-element-be7ffe2 elementor-widget elementor-widget-heading\" data-id=\"be7ffe2\" data-element_type=\"widget\" data-widget_type=\"heading.default\">\n\t\t\t\t<div class=\"elementor-widget-container\">\n\t\t\t\t\t<h5 class=\"elementor-heading-title elementor-size-small\"><b>CICLOS LUNARES CON CACAO<\/b><\/h5>\t\t\t\t<\/div>\n\t\t\t\t<\/div>\n\t\t\t\t<div class=\"elementor-element elementor-element-a5cfab1 elementor-widget elementor-widget-image\" data-id=\"a5cfab1\" data-element_type=\"widget\" data-widget_type=\"image.default\">\n\t\t\t\t<div class=\"elementor-widget-container\">\n\t\t\t\t\t\t\t\t\t\t\t\t\t\t\t\t<a href=\"https:\/\/danzastral.com\/index.php\/ciclos-lunares-cacao\/\">\n\t\t\t\t\t\t\t<img loading=\"lazy\" decoding=\"async\" width=\"800\" height=\"534\" src=\"https:\/\/danzastral.com\/wp-content\/uploads\/2024\/10\/pexels-mr-pixel-39045402-11127831-1024x683.jpg\" class=\"elementor-animation-grow attachment-large size-large wp-image-1323\" alt=\"\" srcset=\"https:\/\/danzastral.com\/wp-content\/uploads\/2024\/10\/pexels-mr-pixel-39045402-11127831-1024x683.jpg 1024w, https:\/\/danzastral.com\/wp-content\/uploads\/2024\/10\/pexels-mr-pixel-39045402-11127831-300x200.jpg 300w, https:\/\/danzastral.com\/wp-content\/uploads\/2024\/10\/pexels-mr-pixel-39045402-11127831-768x512.jpg 768w, https:\/\/danzastral.com\/wp-content\/uploads\/2024\/10\/pexels-mr-pixel-39045402-11127831-1536x1024.jpg 1536w, https:\/\/danzastral.com\/wp-content\/uploads\/2024\/10\/pexels-mr-pixel-39045402-11127831-2048x1365.jpg 2048w\" sizes=\"(max-width: 800px) 100vw, 800px\" \/>\t\t\t\t\t\t\t\t<\/a>\n\t\t\t\t\t\t\t\t\t\t\t\t\t\t\t<\/div>\n\t\t\t\t<\/div>\n\t\t\t\t<div class=\"elementor-element elementor-element-7336d4d elementor-widget elementor-widget-spacer\" data-id=\"7336d4d\" data-element_type=\"widget\" data-widget_type=\"spacer.default\">\n\t\t\t\t<div class=\"elementor-widget-container\">\n\t\t\t\t\t\t\t<div class=\"elementor-spacer\">\n\t\t\t<div class=\"elementor-spacer-inner\"><\/div>\n\t\t<\/div>\n\t\t\t\t\t\t<\/div>\n\t\t\t\t<\/div>\n\t\t\t\t<div class=\"elementor-element elementor-element-fe4be25 elementor-widget elementor-widget-text-editor\" data-id=\"fe4be25\" data-element_type=\"widget\" data-widget_type=\"text-editor.default\">\n\t\t\t\t<div class=\"elementor-widget-container\">\n\t\t\t\t\t\t\t\t\t<p class=\"p1\">Juntos nos adentraremos en lo profundo de tu coraz\u00f3n, en un <strong>ritual personalizado<\/strong> <strong>con el Cacao Ceremonial<\/strong>, la energ\u00eda estelar de tu presente, los sonidos sanadores de los instrumentos medicina, la escritura y la terapia energ\u00e9tica.<\/p>\t\t\t\t\t\t\t\t<\/div>\n\t\t\t\t<\/div>\n\t\t\t\t\t<\/div>\n\t\t<\/div>\n\t\t\t\t\t<\/div>\n\t\t<\/section>\n\t\t\t\t\t<\/div>\n\t\t<\/div>\n\t\t\t\t\t<\/div>\n\t\t<\/section>\n\t\t\t\t<section class=\"elementor-section elementor-top-section elementor-element elementor-element-51ac48a elementor-section-boxed elementor-section-height-default elementor-section-height-default\" data-id=\"51ac48a\" data-element_type=\"section\">\n\t\t\t\t\t\t<div class=\"elementor-container elementor-column-gap-default\">\n\t\t\t\t\t<div class=\"elementor-column elementor-col-100 elementor-top-column elementor-element elementor-element-f55e5fb\" data-id=\"f55e5fb\" data-element_type=\"column\">\n\t\t\t<div class=\"elementor-widget-wrap elementor-element-populated\">\n\t\t\t\t\t\t<div class=\"elementor-element elementor-element-88930d3 elementor-widget elementor-widget-spacer\" data-id=\"88930d3\" data-element_type=\"widget\" data-widget_type=\"spacer.default\">\n\t\t\t\t<div class=\"elementor-widget-container\">\n\t\t\t\t\t\t\t<div class=\"elementor-spacer\">\n\t\t\t<div class=\"elementor-spacer-inner\"><\/div>\n\t\t<\/div>\n\t\t\t\t\t\t<\/div>\n\t\t\t\t<\/div>\n\t\t\t\t\t<\/div>\n\t\t<\/div>\n\t\t\t\t\t<\/div>\n\t\t<\/section>\n\t\t\t\t<\/div>\n\t\t","protected":false},"excerpt":{"rendered":"<p>Terapias adaptadas a tu bienestar Sana tu cuerpo, mente y esp\u00edritu a tu ritmo Aqu\u00ed puedes reservar ASTROLOG\u00cdA EVOLUTIVA La Carta Astral es una herramienta que refleja la alineaci\u00f3n de los planetas en el momento en que nacemos y permite explorar rasgos de tu personalidad. TERAPIA ENERG\u00c9TICA M\u00e9todo de sanaci\u00f3n New Paradigm MDT\u00ae,\u00a0donde canalizo la [&hellip;]<\/p>\n","protected":false},"author":1,"featured_media":0,"parent":0,"menu_order":0,"comment_status":"closed","ping_status":"closed","template":"elementor_header_footer","meta":{"footnotes":""},"class_list":["post-53","page","type-page","status-publish","hentry"],"_links":{"self":[{"href":"https:\/\/danzastral.com\/index.php\/wp-json\/wp\/v2\/pages\/53","targetHints":{"allow":["GET"]}}],"collection":[{"href":"https:\/\/danzastral.com\/index.php\/wp-json\/wp\/v2\/pages"}],"about":[{"href":"https:\/\/danzastral.com\/index.php\/wp-json\/wp\/v2\/types\/page"}],"author":[{"embeddable":true,"href":"https:\/\/danzastral.com\/index.php\/wp-json\/wp\/v2\/users\/1"}],"replies":[{"embeddable":true,"href":"https:\/\/danzastral.com\/index.php\/wp-json\/wp\/v2\/comments?post=53"}],"version-history":[{"count":143,"href":"https:\/\/danzastral.com\/index.php\/wp-json\/wp\/v2\/pages\/53\/revisions"}],"predecessor-version":[{"id":1724,"href":"https:\/\/danzastral.com\/index.php\/wp-json\/wp\/v2\/pages\/53\/revisions\/1724"}],"wp:attachment":[{"href":"https:\/\/danzastral.com\/index.php\/wp-json\/wp\/v2\/media?parent=53"}],"curies":[{"name":"wp","href":"https:\/\/api.w.org\/{rel}","templated":true}]}}